{"id":90883,"date":"2026-01-22T18:23:20","date_gmt":"2026-01-22T17:23:20","guid":{"rendered":"https:\/\/sp-ps-biel-bienne.ch\/?page_id=90883"},"modified":"2026-04-04T12:35:23","modified_gmt":"2026-04-04T10:35:23","slug":"consultations-citoyennes","status":"publish","type":"page","link":"https:\/\/sp-ps-biel-bienne.ch\/fr\/consultations-citoyennes\/","title":{"rendered":"Consultations citoyennes"},"content":{"rendered":"\t\t<div data-elementor-type=\"wp-page\" data-elementor-id=\"90883\" class=\"elementor elementor-90883\" data-elementor-post-type=\"page\">\n\t\t\t\t\t\t<section class=\"elementor-section elementor-top-section elementor-element elementor-element-8fe15cd elementor-section-boxed elementor-section-height-default elementor-section-height-default\" data-id=\"8fe15cd\" data-element_type=\"section\" data-settings=\"{&quot;jet_parallax_layout_list&quot;:[]}\">\n\t\t\t\t\t\t<div class=\"elementor-container elementor-column-gap-default\">\n\t\t\t\t\t<div class=\"elementor-column elementor-col-100 elementor-top-column elementor-element elementor-element-fbc367d\" data-id=\"fbc367d\" data-element_type=\"column\">\n\t\t\t<div class=\"elementor-widget-wrap elementor-element-populated\">\n\t\t\t\t\t\t<div class=\"elementor-element elementor-element-8dde349 elementor-widget elementor-widget-spacer\" data-id=\"8dde349\" data-element_type=\"widget\" data-widget_type=\"spacer.default\">\n\t\t\t\t<div class=\"elementor-widget-container\">\n\t\t\t\t\t\t\t<div class=\"elementor-spacer\">\n\t\t\t<div class=\"elementor-spacer-inner\"><\/div>\n\t\t<\/div>\n\t\t\t\t\t\t<\/div>\n\t\t\t\t<\/div>\n\t\t\t\t<div class=\"elementor-element elementor-element-50fc7b3 elementor-widget elementor-widget-image\" data-id=\"50fc7b3\" data-element_type=\"widget\" data-widget_type=\"image.default\">\n\t\t\t\t<div class=\"elementor-widget-container\">\n\t\t\t\t\t\t\t\t\t\t\t\t\t\t\t<img fetchpriority=\"high\" decoding=\"async\" width=\"739\" height=\"236\" src=\"https:\/\/sp-ps-biel-bienne.ch\/wp-content\/uploads\/sites\/45\/2026\/01\/Pilot-Rot.png\" class=\"attachment-large size-large wp-image-90845\" alt=\"\" srcset=\"https:\/\/sp-ps-biel-bienne.ch\/wp-content\/uploads\/sites\/45\/2026\/01\/Pilot-Rot.png 739w, https:\/\/sp-ps-biel-bienne.ch\/wp-content\/uploads\/sites\/45\/2026\/01\/Pilot-Rot-300x96.png 300w\" sizes=\"(max-width: 739px) 100vw, 739px\" \/>\t\t\t\t\t\t\t\t\t\t\t\t\t\t\t<\/div>\n\t\t\t\t<\/div>\n\t\t\t\t<div class=\"elementor-element elementor-element-1984c0e elementor-widget-divider--view-line elementor-widget elementor-widget-divider\" data-id=\"1984c0e\" data-element_type=\"widget\" data-widget_type=\"divider.default\">\n\t\t\t\t<div class=\"elementor-widget-container\">\n\t\t\t\t\t\t\t<div class=\"elementor-divider\">\n\t\t\t<span class=\"elementor-divider-separator\">\n\t\t\t\t\t\t<\/span>\n\t\t<\/div>\n\t\t\t\t\t\t<\/div>\n\t\t\t\t<\/div>\n\t\t\t\t\t<\/div>\n\t\t<\/div>\n\t\t\t\t\t<\/div>\n\t\t<\/section>\n\t\t\t\t<section class=\"elementor-section elementor-top-section elementor-element elementor-element-d8ff6cd elementor-section-boxed elementor-section-height-default elementor-section-height-default\" data-id=\"d8ff6cd\" data-element_type=\"section\" data-settings=\"{&quot;jet_parallax_layout_list&quot;:[]}\">\n\t\t\t\t\t\t<div class=\"elementor-container elementor-column-gap-default\">\n\t\t\t\t\t<div class=\"elementor-column elementor-col-33 elementor-top-column elementor-element elementor-element-b65ac12\" data-id=\"b65ac12\" data-element_type=\"column\">\n\t\t\t<div class=\"elementor-widget-wrap elementor-element-populated\">\n\t\t\t\t\t\t<div class=\"elementor-element elementor-element-59c340c elementor-widget elementor-widget-image\" data-id=\"59c340c\" data-element_type=\"widget\" data-widget_type=\"image.default\">\n\t\t\t\t<div class=\"elementor-widget-container\">\n\t\t\t\t\t\t\t\t\t\t\t\t\t\t\t<img decoding=\"async\" width=\"800\" height=\"1000\" src=\"https:\/\/sp-ps-biel-bienne.ch\/wp-content\/uploads\/sites\/45\/2026\/01\/Webseitengrafik-1-819x1024.png\" class=\"attachment-large size-large wp-image-90847\" alt=\"\" srcset=\"https:\/\/sp-ps-biel-bienne.ch\/wp-content\/uploads\/sites\/45\/2026\/01\/Webseitengrafik-1-819x1024.png 819w, https:\/\/sp-ps-biel-bienne.ch\/wp-content\/uploads\/sites\/45\/2026\/01\/Webseitengrafik-1-240x300.png 240w, https:\/\/sp-ps-biel-bienne.ch\/wp-content\/uploads\/sites\/45\/2026\/01\/Webseitengrafik-1-768x960.png 768w, https:\/\/sp-ps-biel-bienne.ch\/wp-content\/uploads\/sites\/45\/2026\/01\/Webseitengrafik-1.png 1080w\" sizes=\"(max-width: 800px) 100vw, 800px\" \/>\t\t\t\t\t\t\t\t\t\t\t\t\t\t\t<\/div>\n\t\t\t\t<\/div>\n\t\t\t\t\t<\/div>\n\t\t<\/div>\n\t\t\t\t<div class=\"elementor-column elementor-col-66 elementor-top-column elementor-element elementor-element-63bf299\" data-id=\"63bf299\" data-element_type=\"column\">\n\t\t\t<div class=\"elementor-widget-wrap elementor-element-populated\">\n\t\t\t\t\n\t\t<div class=\"elementor-element elementor-element-ee003eb elementor-widget elementor-widget-text-editor\" data-id=\"ee003eb\" data-element_type=\"widget\" data-widget_type=\"text-editor.default\">\n\t\t\t\t<div class=\"elementor-widget-container\">\n\t\t\t\t\t\t\t\t\t<p><span style=\"font-weight: 400;\">Le PS dialogue avec les citoyens plut\u00f4t que de parler \u00e0 leur place. C&#8217;est sous cette devise que nous lan\u00e7ons le projet pilote des consultations citoyennes. Notre objectif est de mettre en relation les politiciens et les citoyens afin qu&#8217;ils puissent \u00e9changer sur leurs pr\u00e9occupations respectives. <\/span><\/p>\n<p><span style=\"font-weight: 400;\">Tout le monde, des \u00e9coliers aux grands-parents, est invit\u00e9 \u00e0 ces consultations pour discuter de ses pr\u00e9occupations et de ses inqui\u00e9tudes avec des repr\u00e9sentants du groupe PS\/JUSO et du groupe PSR\/JS. Nous sommes ouverts \u00e0 toute suggestion d&#8217;am\u00e9lioration dans notre ville, mais nous sommes \u00e9galement l\u00e0 pour vous aider en cas de soucis ou de probl\u00e8mes, ou pour vous orienter vers des services d&#8217;aide.<\/span><\/p>\t\t\t\t\t\t\t\t<\/div>\n\t\t\t\t<\/div>\n\t\t\t\t\t<\/div>\n\t\t<\/div>\n\t\t\t\t\t<\/div>\n\t\t<\/section>\n\t\t\t\t<section class=\"elementor-section elementor-top-section elementor-element elementor-element-9c8d847 elementor-section-boxed elementor-section-height-default elementor-section-height-default\" data-id=\"9c8d847\" data-element_type=\"section\" data-settings=\"{&quot;jet_parallax_layout_list&quot;:[]}\">\n\t\t\t\t\t\t<div class=\"elementor-container elementor-column-gap-default\">\n\t\t\t\t\t<div class=\"elementor-column elementor-col-100 elementor-top-column elementor-element elementor-element-b58f461\" data-id=\"b58f461\" data-element_type=\"column\">\n\t\t\t<div class=\"elementor-widget-wrap elementor-element-populated\">\n\t\t\t\t\t\t<div class=\"elementor-element elementor-element-02e9835 elementor-widget__width-inherit elementor-widget elementor-widget-image\" data-id=\"02e9835\" data-element_type=\"widget\" data-widget_type=\"image.default\">\n\t\t\t\t<div class=\"elementor-widget-container\">\n\t\t\t\t\t\t\t\t\t\t\t\t\t\t\t<img decoding=\"async\" width=\"800\" height=\"360\" src=\"https:\/\/sp-ps-biel-bienne.ch\/wp-content\/uploads\/sites\/45\/2026\/04\/Grafiken-Webseite-neu_Seite-4-1024x461.png\" class=\"attachment-large size-large wp-image-91221\" alt=\"\" srcset=\"https:\/\/sp-ps-biel-bienne.ch\/wp-content\/uploads\/sites\/45\/2026\/04\/Grafiken-Webseite-neu_Seite-4-1024x461.png 1024w, https:\/\/sp-ps-biel-bienne.ch\/wp-content\/uploads\/sites\/45\/2026\/04\/Grafiken-Webseite-neu_Seite-4-300x135.png 300w, https:\/\/sp-ps-biel-bienne.ch\/wp-content\/uploads\/sites\/45\/2026\/04\/Grafiken-Webseite-neu_Seite-4-768x346.png 768w, https:\/\/sp-ps-biel-bienne.ch\/wp-content\/uploads\/sites\/45\/2026\/04\/Grafiken-Webseite-neu_Seite-4-1536x691.png 1536w, https:\/\/sp-ps-biel-bienne.ch\/wp-content\/uploads\/sites\/45\/2026\/04\/Grafiken-Webseite-neu_Seite-4-2048x922.png 2048w\" sizes=\"(max-width: 800px) 100vw, 800px\" \/>\t\t\t\t\t\t\t\t\t\t\t\t\t\t\t<\/div>\n\t\t\t\t<\/div>\n\t\t\t\t<div class=\"elementor-element elementor-element-1593165 elementor-widget elementor-widget-text-editor\" data-id=\"1593165\" data-element_type=\"widget\" data-widget_type=\"text-editor.default\">\n\t\t\t\t<div class=\"elementor-widget-container\">\n\t\t\t\t\t\t\t\t\t<p>La deuxi\u00e8me consultation aura lieu le 28 avril de 18h00 \u00e0 20h00 dans le Restaurant Rebstock. Avec : Glenda Gonzalez Bassi, maire |\u00a0 Selen Baskara, copr\u00e9sidente du PS Bienne | Rachel Comment, conseill\u00e8re de ville PSR\u00a0<\/p>\t\t\t\t\t\t\t\t<\/div>\n\t\t\t\t<\/div>\n\t\t\t\t<div class=\"elementor-element elementor-element-efc642e elementor-widget__width-inherit elementor-widget elementor-widget-image\" data-id=\"efc642e\" data-element_type=\"widget\" data-widget_type=\"image.default\">\n\t\t\t\t<div class=\"elementor-widget-container\">\n\t\t\t\t\t\t\t\t\t\t\t\t\t\t\t<img loading=\"lazy\" decoding=\"async\" width=\"800\" height=\"360\" src=\"https:\/\/sp-ps-biel-bienne.ch\/wp-content\/uploads\/sites\/45\/2026\/04\/Grafiken-Webseite-neu_Seite-5-1024x461.png\" class=\"attachment-large size-large wp-image-91223\" alt=\"\" srcset=\"https:\/\/sp-ps-biel-bienne.ch\/wp-content\/uploads\/sites\/45\/2026\/04\/Grafiken-Webseite-neu_Seite-5-1024x461.png 1024w, https:\/\/sp-ps-biel-bienne.ch\/wp-content\/uploads\/sites\/45\/2026\/04\/Grafiken-Webseite-neu_Seite-5-300x135.png 300w, https:\/\/sp-ps-biel-bienne.ch\/wp-content\/uploads\/sites\/45\/2026\/04\/Grafiken-Webseite-neu_Seite-5-768x346.png 768w, https:\/\/sp-ps-biel-bienne.ch\/wp-content\/uploads\/sites\/45\/2026\/04\/Grafiken-Webseite-neu_Seite-5-1536x691.png 1536w, https:\/\/sp-ps-biel-bienne.ch\/wp-content\/uploads\/sites\/45\/2026\/04\/Grafiken-Webseite-neu_Seite-5-2048x922.png 2048w\" sizes=\"(max-width: 800px) 100vw, 800px\" \/>\t\t\t\t\t\t\t\t\t\t\t\t\t\t\t<\/div>\n\t\t\t\t<\/div>\n\t\t\t\t<div class=\"elementor-element elementor-element-7640ef2 elementor-widget elementor-widget-text-editor\" data-id=\"7640ef2\" data-element_type=\"widget\" data-widget_type=\"text-editor.default\">\n\t\t\t\t<div class=\"elementor-widget-container\">\n\t\t\t\t\t\t\t\t\t<p>Nous vous invitons \u00e0 la derni\u00e8re consultation de notre projet pilote le 12 juin de 18h00 \u00e0 20h00. Seront pr\u00e9sents : Moema Schultz, conseill\u00e8re de ville PSR | Levin Koller, copr\u00e9sident du groupe SP\/JUSO | Anna Tanner, conseill\u00e8re municipale | Selen Baskara, copr\u00e9sidente du PS Bienne\u00a0<\/p>\t\t\t\t\t\t\t\t<\/div>\n\t\t\t\t<\/div>\n\t\t\t\t\t<\/div>\n\t\t<\/div>\n\t\t\t\t\t<\/div>\n\t\t<\/section>\n\t\t\t\t<section class=\"elementor-section elementor-top-section elementor-element elementor-element-966e2f6 elementor-section-boxed elementor-section-height-default elementor-section-height-default\" data-id=\"966e2f6\" data-element_type=\"section\" data-settings=\"{&quot;jet_parallax_layout_list&quot;:[]}\">\n\t\t\t\t\t\t<div class=\"elementor-container elementor-column-gap-default\">\n\t\t\t\t\t<div class=\"elementor-column elementor-col-100 elementor-top-column elementor-element elementor-element-7b54751\" data-id=\"7b54751\" data-element_type=\"column\">\n\t\t\t<div class=\"elementor-widget-wrap elementor-element-populated\">\n\t\t\t\t\t\t<div class=\"elementor-element elementor-element-2bff1d1 elementor-widget-divider--view-line elementor-widget elementor-widget-divider\" data-id=\"2bff1d1\" data-element_type=\"widget\" data-widget_type=\"divider.default\">\n\t\t\t\t<div class=\"elementor-widget-container\">\n\t\t\t\t\t\t\t<div class=\"elementor-divider\">\n\t\t\t<span class=\"elementor-divider-separator\">\n\t\t\t\t\t\t<\/span>\n\t\t<\/div>\n\t\t\t\t\t\t<\/div>\n\t\t\t\t<\/div>\n\t\t\t\t<div class=\"elementor-element elementor-element-1befa03 elementor-widget elementor-widget-heading\" data-id=\"1befa03\" data-element_type=\"widget\" data-widget_type=\"heading.default\">\n\t\t\t\t<div class=\"elementor-widget-container\">\n\t\t\t\t\t<h2 class=\"elementor-heading-title elementor-size-default\">Inscrivez-vous d\u00e8s maintenant (facultatif) !<\/h2>\t\t\t\t<\/div>\n\t\t\t\t<\/div>\n\t\t\t\t<div class=\"elementor-element elementor-element-a117a03 elementor-widget elementor-widget-wpforms\" data-id=\"a117a03\" data-element_type=\"widget\" data-widget_type=\"wpforms.default\">\n\t\t\t\t<div class=\"elementor-widget-container\">\n\t\t\t\t\t<div class=\"wpforms-container wpforms-container-full\" id=\"wpforms-90887\"><form id=\"wpforms-form-90887\" class=\"wpforms-validate wpforms-form wpforms-ajax-form\" data-formid=\"90887\" method=\"post\" enctype=\"multipart\/form-data\" action=\"\/fr\/wp-json\/wp\/v2\/pages\/90883\" data-token=\"741d30247632d371937bc5e999867e0a\" data-token-time=\"1776206238\"><noscript class=\"wpforms-error-noscript\">Veuillez activer JavaScript dans votre navigateur pour remplir ce formulaire.<\/noscript><div class=\"wpforms-field-container\"><div id=\"wpforms-90887-field_1-container\" class=\"wpforms-field wpforms-field-select wpforms-conditional-trigger wpforms-field-select-style-classic\" data-field-id=\"1\"><label class=\"wpforms-field-label\" for=\"wpforms-90887-field_1\">Je m&#039;inscris pour le... <span class=\"wpforms-required-label\">*<\/span><\/label><select id=\"wpforms-90887-field_1\" class=\"wpforms-field-medium wpforms-field-required\" name=\"wpforms[fields][1]\" required=\"required\"><option value=\"\" class=\"placeholder\" disabled  selected='selected'>--- Faire un choix ---<\/option><option value=\"Samedi 14 mars\"  class=\"choice-1 depth-1\"  >Samedi 14 mars<\/option><option value=\"Mardi 28 avril\"  class=\"choice-2 depth-1\"  >Mardi 28 avril<\/option><option value=\"Vendredi 12 juin\"  class=\"choice-3 depth-1\"  >Vendredi 12 juin<\/option><\/select><\/div><div id=\"wpforms-90887-field_2-container\" class=\"wpforms-field wpforms-field-select wpforms-conditional-field wpforms-conditional-show wpforms-field-select-style-classic\" data-field-id=\"2\" style=\"display:none;\"><label class=\"wpforms-field-label\" for=\"wpforms-90887-field_2\">P\u00e9riode : 14 mars<\/label><select id=\"wpforms-90887-field_2\" class=\"wpforms-field-medium\" name=\"wpforms[fields][2]\"><option value=\"\u00e0 11h00\"  class=\"choice-1 depth-1\"  >\u00e0 11h00<\/option><option value=\"\u00e0 12h00\"  class=\"choice-2 depth-1\"  >\u00e0 12h00<\/option><option value=\"\u00e0 13h00\"  class=\"choice-3 depth-1\"  >\u00e0 13h00<\/option><\/select><\/div>\t\t<div id=\"wpforms-90887-field_7-container\"\n\t\t\tclass=\"wpforms-field wpforms-field-text\"\n\t\t\tdata-field-type=\"text\"\n\t\t\tdata-field-id=\"7\"\n\t\t\t>\n\t\t\t<label class=\"wpforms-field-label\" for=\"wpforms-90887-field_7\" >12 14 pour<\/label>\n\t\t\t<input type=\"text\" id=\"wpforms-90887-field_7\" class=\"wpforms-field-medium\" name=\"wpforms[fields][7]\" >\n\t\t<\/div>\n\t\t<div id=\"wpforms-90887-field_5-container\" class=\"wpforms-field wpforms-field-select wpforms-conditional-field wpforms-conditional-show wpforms-field-select-style-classic\" data-field-id=\"5\" style=\"display:none;\"><label class=\"wpforms-field-label\" for=\"wpforms-90887-field_5\">P\u00e9riode : 28 avril<\/label><select id=\"wpforms-90887-field_5\" class=\"wpforms-field-medium\" name=\"wpforms[fields][5]\"><option value=\"\u00e0 18h00\"  class=\"choice-1 depth-1\"  >\u00e0 18h00<\/option><option value=\"\u00e0 18h30\"  class=\"choice-2 depth-1\"  >\u00e0 18h30<\/option><option value=\"\u00e0 18h00\"  class=\"choice-3 depth-1\"  >\u00e0 18h00<\/option><\/select><\/div><div id=\"wpforms-90887-field_6-container\" class=\"wpforms-field wpforms-field-select wpforms-conditional-field wpforms-conditional-show wpforms-field-select-style-classic\" data-field-id=\"6\" style=\"display:none;\"><label class=\"wpforms-field-label\" for=\"wpforms-90887-field_6\">P\u00e9riode : 12 juin<\/label><select id=\"wpforms-90887-field_6\" class=\"wpforms-field-medium\" name=\"wpforms[fields][6]\"><option value=\"\u00e0 18h00\"  class=\"choice-1 depth-1\"  >\u00e0 18h00<\/option><option value=\"\u00e0 18h30\"  class=\"choice-2 depth-1\"  >\u00e0 18h30<\/option><option value=\"\u00e0 19h00\"  class=\"choice-3 depth-1\"  >\u00e0 19h00<\/option><\/select><\/div><div id=\"wpforms-90887-field_3-container\" class=\"wpforms-field wpforms-field-name\" data-field-id=\"3\"><label class=\"wpforms-field-label\" for=\"wpforms-90887-field_3\">Nom<\/label><div class=\"wpforms-field-row wpforms-field-medium\"><div class=\"wpforms-field-row-block wpforms-first wpforms-one-half\"><input type=\"text\" id=\"wpforms-90887-field_3\" class=\"wpforms-field-name-first\" name=\"wpforms[fields][3][first]\" placeholder=\"Pr\u00e9nom\" ><label for=\"wpforms-90887-field_3\" class=\"wpforms-field-sublabel after wpforms-sublabel-hide\">Pr\u00e9nom<\/label><\/div><div class=\"wpforms-field-row-block wpforms-one-half\"><input type=\"text\" id=\"wpforms-90887-field_3-last\" class=\"wpforms-field-name-last\" name=\"wpforms[fields][3][last]\" placeholder=\"Nom\" ><label for=\"wpforms-90887-field_3-last\" class=\"wpforms-field-sublabel after wpforms-sublabel-hide\">Nom<\/label><\/div><\/div><\/div><div id=\"wpforms-90887-field_4-container\" class=\"wpforms-field wpforms-field-email\" data-field-id=\"4\"><label class=\"wpforms-field-label\" for=\"wpforms-90887-field_4\">Adresse email<\/label><input type=\"email\" id=\"wpforms-90887-field_4\" class=\"wpforms-field-medium\" name=\"wpforms[fields][4]\" spellcheck=\"false\" ><\/div><script>\n\t\t\t\t( function() {\n\t\t\t\t\tconst style = document.createElement( 'style' );\n\t\t\t\t\tstyle.appendChild( document.createTextNode( '#wpforms-90887-field_7-container { position: absolute !important; overflow: hidden !important; display: inline !important; height: 1px !important; width: 1px !important; z-index: -1000 !important; padding: 0 !important; } #wpforms-90887-field_7-container input { visibility: hidden; } #wpforms-conversational-form-page #wpforms-90887-field_7-container label { counter-increment: none; }' ) );\n\t\t\t\t\tdocument.head.appendChild( style );\n\t\t\t\t\tdocument.currentScript?.remove();\n\t\t\t\t} )();\n\t\t\t<\/script><\/div><!-- .wpforms-field-container --><div class=\"wpforms-submit-container\" ><input type=\"hidden\" name=\"wpforms[id]\" value=\"90887\"><input type=\"hidden\" name=\"page_title\" value=\"\"><input type=\"hidden\" name=\"page_url\" value=\"https:\/\/sp-ps-biel-bienne.ch\/fr\/wp-json\/wp\/v2\/pages\/90883\"><input type=\"hidden\" name=\"url_referer\" value=\"\"><button type=\"submit\" name=\"wpforms[submit]\" id=\"wpforms-submit-90887\" class=\"wpforms-submit\" data-alt-text=\"Envoi en cours\u2026\" data-submit-text=\"Envoyer\" aria-live=\"assertive\" value=\"wpforms-submit\">Envoyer<\/button><img loading=\"lazy\" decoding=\"async\" src=\"https:\/\/sp-ps-biel-bienne.ch\/wp-content\/plugins\/wpforms\/assets\/images\/submit-spin.svg\" class=\"wpforms-submit-spinner\" style=\"display: none;\" width=\"26\" height=\"26\" alt=\"Chargement en cours\"><\/div><\/form><\/div>  <!-- .wpforms-container -->\t\t\t\t<\/div>\n\t\t\t\t<\/div>\n\t\t\t\t<div class=\"elementor-element elementor-element-3315dc9 elementor-widget-divider--view-line elementor-widget elementor-widget-divider\" data-id=\"3315dc9\" data-element_type=\"widget\" data-widget_type=\"divider.default\">\n\t\t\t\t<div class=\"elementor-widget-container\">\n\t\t\t\t\t\t\t<div class=\"elementor-divider\">\n\t\t\t<span class=\"elementor-divider-separator\">\n\t\t\t\t\t\t<\/span>\n\t\t<\/div>\n\t\t\t\t\t\t<\/div>\n\t\t\t\t<\/div>\n\t\t\t\t\t<\/div>\n\t\t<\/div>\n\t\t\t\t\t<\/div>\n\t\t<\/section>\n\t\t\t\t<section class=\"elementor-section elementor-top-section elementor-element elementor-element-3d55893 elementor-section-boxed elementor-section-height-default elementor-section-height-default\" data-id=\"3d55893\" data-element_type=\"section\" data-settings=\"{&quot;jet_parallax_layout_list&quot;:[]}\">\n\t\t\t\t\t\t<div class=\"elementor-container elementor-column-gap-default\">\n\t\t\t\t\t<div class=\"elementor-column elementor-col-100 elementor-top-column elementor-element elementor-element-6c66fae\" data-id=\"6c66fae\" data-element_type=\"column\">\n\t\t\t<div class=\"elementor-widget-wrap elementor-element-populated\">\n\t\t\t\t\t\t<div class=\"elementor-element elementor-element-bd34663 elementor-widget elementor-widget-heading\" data-id=\"bd34663\" data-element_type=\"widget\" data-widget_type=\"heading.default\">\n\t\t\t\t<div class=\"elementor-widget-container\">\n\t\t\t\t\t<h2 class=\"elementor-heading-title elementor-size-default\">Ne manquez aucune information gr\u00e2ce \u00e0 la newsletter!<\/h2>\t\t\t\t<\/div>\n\t\t\t\t<\/div>\n\t\t\t\t<div class=\"elementor-element elementor-element-1a5fbc0 elementor-widget elementor-widget-html\" data-id=\"1a5fbc0\" data-element_type=\"widget\" data-widget_type=\"html.default\">\n\t\t\t\t<div class=\"elementor-widget-container\">\n\t\t\t\t\t<style data=\"cr\/theme\">.bgcolor-1{background-color:#F1F5F7}.bgcolor-1-outlook{background-color:#F1F5F7}.color-1{color:#300505}.bgcolor-2{background-color:#FFF}.bgcolor-2-outlook{background-color:#FFF}.color-2{color:#082137}.aux-color-1{color:red}.aux-bgcolor-1{background-color:red}.aux-color-2{color:#15C}.aux-bgcolor-2{background-color:#15C}body{background-color:#F1F5F7}a{color:#15C}.cr-web-row{width:100%;max-width:600px}.cr-maxwidth{max-width:600px}<\/style>\r\n<style hash=\"cr-text-web\">.cr-text{font-family:Helvetica,Arial,sans-serif;font-size:14px}<\/style>\r\n<style hash=\"cr-web-css\">.cr-nope{display:none!important}.cr-web-row{box-sizing:border-box}@media only screen and (max-width:768px){.cr-web-row{width:75vw}}.cr-web-wrapper{display:flex;justify-content:center}.cr-web-row ul,.cr-web-row li{gap:4px;flex-direction:row}.cr-web-row ul{padding:0 8px;margin:0;list-style-type:none;flex-direction:column}.cr-web-row option{min-height:2em;white-space:normal}.cr-web-form{display:flex;flex-direction:column}.cr-web-form input,.cr-web-form select,.cr-web-form button{padding:8px 12px;border-radius:4px;border-style:solid;border-width:1px}.cr-web-form label,.cr-web-label{font-weight:500;padding:8px 0 8px 0;font-style:normal;line-height:normal}.cr-web-form button{font-size:1em;font-weight:700;color:#fff;font-style:normal;border-style:solid;border-color:#fff0;border-radius:4px;cursor:pointer}.cr-web-form label.required:after{content:' *';width:10px;height:100%;font-size:1.1em;line-height:inherit}.cr-web-label.required:after{content:' *'}.cr-web-form label.required .cred-html-wrapper,.cr-web-form label.required .cred-html{display:inline-block!important}<\/style>\r\n<style hash=\"cr-web-cols\">.cr-web-stacks{display:flex}.cr-web-col-50{width:50%}.cr-web-col-33{width:33%}@media only screen and (max-width:768px){.cr-web-stacks{flex-direction:column}.cr-web-col-50,.cr-web-col-33{width:100%}}<\/style>\r\n<style hash=\"cr-web-required\">.cr-web-label.required:after{content:' *'}<\/style>\r\n<style hash=\"cr-consent-required\">.cr-consent-required{display:block;margin-left:24px;padding:0!important}.cr-consent-required:after{content:' *'}<\/style>\r\n<style hash=\"cr-consent-wrapper\">.cr-consent-wrapper{display:flex;align-items:start}.cr-consent-wrapper input{display:block;width:auto}<\/style>\r\n<style data-source=\"autogenerated google-fixes\">u+#body a{color:#15C}u+#body{background-color:#F1F5F7}<\/style>\r\n  <form method=\"post\" action=\"https:\/\/flow.cleverreach.com\/fl\/ddae4bbd-6349-4496-8919-964f4242f58f\/confirm\" class=\"\" target=\"_blank\">\r\n    <input type=\"text\" tabindex=\"-1\" autocomplete=\"false\" style=\"display:none !important;\" class=\"cr-nope\" name=\"email_confirm\">\r\n    <div class=\"cr-web-wrapper bgcolor-1\">\r\n      <div class=\"cr-web-row bgcolor-2\" style=\"padding:10px 20px;\">\r\n        <div class=\"cr-text color-2\" style=\"\">\r\n          <div class=\"cr-web-form\">\r\n            <label class=\"required\">Adresse e-mail<\/label>\r\n            <input type=\"email\" placeholder=\"\" name=\"email\" required=\"\">\r\n          <\/div>\r\n        <\/div>\r\n      <\/div>\r\n    <\/div>\r\n        <div class=\"cr-web-wrapper bgcolor-1\">\r\n            <div class=\"cr-web-row bgcolor-2 cr-web-stacks\" style=\"padding:0px;\">\r\n      <div class=\"cr-web-col-50\">\r\n      <div class=\"cr-text color-2 editable\" style=\"padding:10px 20px;\">\r\n        <div class=\"cr-web-form\">\r\n          <label class=\"required\">Pr\u00e9nom<\/label>\r\n          <input type=\"text\" placeholder=\"\" name=\"global.firstname\" required=\"\">\r\n        <\/div>\r\n      <\/div>\r\n      <\/div>\r\n      <div class=\"cr-web-col-50\">\r\n      <div class=\"cr-text color-2 editable\" style=\"padding:10px 20px;\">\r\n        <div class=\"cr-web-form\">\r\n          <label>Nom<\/label>\r\n          <input type=\"text\" placeholder=\"\" name=\"global.lastname\">\r\n        <\/div>\r\n      <\/div>\r\n      <\/div>\r\n            <\/div>\r\n          <\/div>\r\n        <div class=\"cr-web-wrapper bgcolor-1\">\r\n            <div class=\"cr-web-row bgcolor-2\" style=\"padding:10px 20px;\">\r\n    <div class=\"cr-text color-2\" style=\"\">\r\n      <div class=\"cr-web-form\">\r\n        <div>\r\n          <div class=\"cr-consent-wrapper\">\r\n            <input type=\"checkbox\" name=\"tags[]\" value=\"Einverst&auml;ndnis_Sprechstunde\" required=\"\">\r\n            <label class=\"cr-consent-required\">Je souhaite m'inscrire \u00e0 la newsletter concernant les consultations citoyennes.<\/label>\r\n          <\/div>\r\n        <\/div>\r\n      <\/div>\r\n    <\/div>\r\n            <\/div>\r\n          <\/div>\r\n    <div class=\"cr-web-wrapper bgcolor-1\">\r\n      <div class=\"cr-web-row bgcolor-2\" style=\"padding:10px 20px;\">\r\n        <div class=\"cr-web-form\">\r\n          <button type=\"submit\" class=\"aux-color-1 aux-bgcolor-1 cr-text\">S'inscrire<\/button>\r\n        <\/div>\r\n      <\/div>\r\n    <\/div>\r\n        <div class=\"cr-web-wrapper bgcolor-1\">\r\n            <div class=\"cr-web-row bgcolor-2\" style=\"padding:10px 20px;\">\r\n      <div class=\"cr-text color-2\" style=\"\">\r\n            <div align=\"left\">Powered by CleverReach<\/div>\r\n        <\/div>\r\n            <\/div>\r\n          <\/div>\r\n  <\/form>\r\n  \t\t\t\t<\/div>\n\t\t\t\t<\/div>\n\t\t\t\t\t<\/div>\n\t\t<\/div>\n\t\t\t\t\t<\/div>\n\t\t<\/section>\n\t\t\t\t<\/div>\n\t\t","protected":false},"excerpt":{"rendered":"<p>Le PS dialogue avec les citoyens plut\u00f4t que de parler \u00e0 leur place. C&#8217;est sous cette devise que nous lan\u00e7ons le projet pilote des consultations citoyennes. Notre objectif est de [&hellip;]<\/p>\n","protected":false},"author":120,"featured_media":0,"parent":0,"menu_order":1,"comment_status":"closed","ping_status":"closed","template":"","meta":{"footnotes":""},"class_list":["post-90883","page","type-page","status-publish","hentry"],"_links":{"self":[{"href":"https:\/\/sp-ps-biel-bienne.ch\/fr\/wp-json\/wp\/v2\/pages\/90883","targetHints":{"allow":["GET"]}}],"collection":[{"href":"https:\/\/sp-ps-biel-bienne.ch\/fr\/wp-json\/wp\/v2\/pages"}],"about":[{"href":"https:\/\/sp-ps-biel-bienne.ch\/fr\/wp-json\/wp\/v2\/types\/page"}],"author":[{"embeddable":true,"href":"https:\/\/sp-ps-biel-bienne.ch\/fr\/wp-json\/wp\/v2\/users\/120"}],"replies":[{"embeddable":true,"href":"https:\/\/sp-ps-biel-bienne.ch\/fr\/wp-json\/wp\/v2\/comments?post=90883"}],"version-history":[{"count":30,"href":"https:\/\/sp-ps-biel-bienne.ch\/fr\/wp-json\/wp\/v2\/pages\/90883\/revisions"}],"predecessor-version":[{"id":91227,"href":"https:\/\/sp-ps-biel-bienne.ch\/fr\/wp-json\/wp\/v2\/pages\/90883\/revisions\/91227"}],"wp:attachment":[{"href":"https:\/\/sp-ps-biel-bienne.ch\/fr\/wp-json\/wp\/v2\/media?parent=90883"}],"curies":[{"name":"wp","href":"https:\/\/api.w.org\/{rel}","templated":true}]}}