{"id":89901,"date":"2024-07-18T09:49:19","date_gmt":"2024-07-18T07:49:19","guid":{"rendered":"https:\/\/biel-gesamt.spschweiz.ch\/home\/elections-2024\/themes\/"},"modified":"2024-08-23T15:26:55","modified_gmt":"2024-08-23T13:26:55","slug":"themes","status":"publish","type":"page","link":"https:\/\/sp-ps-biel-bienne.ch\/fr\/home\/elections-2024\/themes\/","title":{"rendered":"Th\u00e8mes"},"content":{"rendered":"\t\t<div data-elementor-type=\"wp-page\" data-elementor-id=\"89901\" class=\"elementor elementor-89901 elementor-89391\" data-elementor-post-type=\"page\">\n\t\t\t\t\t\t<section class=\"elementor-section elementor-top-section elementor-element elementor-element-7b8c0c4 elementor-section-boxed elementor-section-height-default elementor-section-height-default\" data-id=\"7b8c0c4\" data-element_type=\"section\" data-settings=\"{&quot;jet_parallax_layout_list&quot;:[],&quot;background_background&quot;:&quot;classic&quot;}\">\n\t\t\t\t\t\t<div class=\"elementor-container elementor-column-gap-wide\">\n\t\t\t\t\t<div class=\"elementor-column elementor-col-100 elementor-top-column elementor-element elementor-element-7ba7acb\" data-id=\"7ba7acb\" data-element_type=\"column\">\n\t\t\t<div class=\"elementor-widget-wrap elementor-element-populated\">\n\t\t\t\t\t\t<div class=\"elementor-element elementor-element-3417766 elementor-widget elementor-widget-heading\" data-id=\"3417766\" data-element_type=\"widget\" data-widget_type=\"heading.default\">\n\t\t\t\t<div class=\"elementor-widget-container\">\n\t\t\t\t\t<h1 class=\"elementor-heading-title elementor-size-default\">Themes<\/h1>\t\t\t\t<\/div>\n\t\t\t\t<\/div>\n\t\t\t\t\t<\/div>\n\t\t<\/div>\n\t\t\t\t\t<\/div>\n\t\t<\/section>\n\t\t\t\t<section class=\"elementor-section elementor-top-section elementor-element elementor-element-7a19050 elementor-section-boxed elementor-section-height-default elementor-section-height-default\" data-id=\"7a19050\" data-element_type=\"section\" data-settings=\"{&quot;jet_parallax_layout_list&quot;:[]}\">\n\t\t\t\t\t\t<div class=\"elementor-container elementor-column-gap-default\">\n\t\t\t\t\t<div class=\"elementor-column elementor-col-100 elementor-top-column elementor-element elementor-element-045da7d\" data-id=\"045da7d\" data-element_type=\"column\">\n\t\t\t<div class=\"elementor-widget-wrap elementor-element-populated\">\n\t\t\t\t\n\t\t<div class=\"elementor-element elementor-element-3af5218 elementor-widget elementor-widget-spps_title_text\" data-id=\"3af5218\" data-element_type=\"widget\" data-widget_type=\"spps_title_text.default\">\n\t\t\t\t<div class=\"elementor-widget-container\">\n\t\t\t\t\t<div class=\"title-text-wrapper wrapper-spacing-small\"><div class=\"title-text-title\"><h3>Nous prenons parti pour des loyers abordables<\/h3><\/div><div class=\"title-text-container\"><\/div><\/div>\t\t\t\t<\/div>\n\t\t\t\t<\/div>\n\t\t\t\t\t<\/div>\n\t\t<\/div>\n\t\t\t\t\t<\/div>\n\t\t<\/section>\n\t\t\t\t<section class=\"elementor-section elementor-top-section elementor-element elementor-element-7001c4f elementor-section-boxed elementor-section-height-default elementor-section-height-default\" data-id=\"7001c4f\" data-element_type=\"section\" data-settings=\"{&quot;jet_parallax_layout_list&quot;:[]}\">\n\t\t\t\t\t\t<div class=\"elementor-container elementor-column-gap-default\">\n\t\t\t\t\t<div class=\"elementor-column elementor-col-50 elementor-top-column elementor-element elementor-element-edbbb83\" data-id=\"edbbb83\" data-element_type=\"column\">\n\t\t\t<div class=\"elementor-widget-wrap elementor-element-populated\">\n\t\t\t\t\t\t<div class=\"elementor-element elementor-element-7b213d8 elementor-widget elementor-widget-text-editor\" data-id=\"7b213d8\" data-element_type=\"widget\" data-widget_type=\"text-editor.default\">\n\t\t\t\t<div class=\"elementor-widget-container\">\n\t\t\t\t\t\t\t\t\t<p><span style=\"font-weight: 400;\">Bienne est attractive et en pleine croissance. Or, si nous n&#8217;agissons pas maintenant, les loyers vont exploser. C\u2019est pourquoi nous encourageons la construction de logements coop\u00e9ratifs et nous d\u00e9veloppons les logements communaux. Nous luttons ainsi contre la course au profit sur le dos des locataires et renfor\u00e7ons Bienne.<\/span><\/p>\n\t\t\t\t\t\t\t\t<\/div>\n\t\t\t\t<\/div>\n\t\t\t\t\t<\/div>\n\t\t<\/div>\n\t\t\t\t<div class=\"elementor-column elementor-col-50 elementor-top-column elementor-element elementor-element-269174e\" data-id=\"269174e\" data-element_type=\"column\">\n\t\t\t<div class=\"elementor-widget-wrap elementor-element-populated\">\n\t\t\t\t\t\t<div class=\"elementor-element elementor-element-49dc3d9 elementor-widget elementor-widget-image\" data-id=\"49dc3d9\" data-element_type=\"widget\" data-widget_type=\"image.default\">\n\t\t\t\t<div class=\"elementor-widget-container\">\n\t\t\t\t\t\t\t\t\t\t\t\t\t\t\t<img fetchpriority=\"high\" decoding=\"async\" width=\"800\" height=\"639\" src=\"https:\/\/sp-ps-biel-bienne.ch\/wp-content\/uploads\/sites\/45\/2024\/07\/Affiches_Miete-1024x818.png\" class=\"attachment-large size-large wp-image-89863\" alt=\"\" srcset=\"https:\/\/sp-ps-biel-bienne.ch\/wp-content\/uploads\/sites\/45\/2024\/07\/Affiches_Miete-1024x818.png 1024w, https:\/\/sp-ps-biel-bienne.ch\/wp-content\/uploads\/sites\/45\/2024\/07\/Affiches_Miete-300x240.png 300w, https:\/\/sp-ps-biel-bienne.ch\/wp-content\/uploads\/sites\/45\/2024\/07\/Affiches_Miete-768x614.png 768w, https:\/\/sp-ps-biel-bienne.ch\/wp-content\/uploads\/sites\/45\/2024\/07\/Affiches_Miete-1536x1228.png 1536w, https:\/\/sp-ps-biel-bienne.ch\/wp-content\/uploads\/sites\/45\/2024\/07\/Affiches_Miete-2048x1637.png 2048w\" sizes=\"(max-width: 800px) 100vw, 800px\" \/>\t\t\t\t\t\t\t\t\t\t\t\t\t\t\t<\/div>\n\t\t\t\t<\/div>\n\t\t\t\t\t<\/div>\n\t\t<\/div>\n\t\t\t\t\t<\/div>\n\t\t<\/section>\n\t\t\t\t<section class=\"elementor-section elementor-top-section elementor-element elementor-element-95b8507 elementor-section-boxed elementor-section-height-default elementor-section-height-default\" data-id=\"95b8507\" data-element_type=\"section\" data-settings=\"{&quot;jet_parallax_layout_list&quot;:[]}\">\n\t\t\t\t\t\t<div class=\"elementor-container elementor-column-gap-default\">\n\t\t\t\t\t<div class=\"elementor-column elementor-col-100 elementor-top-column elementor-element elementor-element-712882e\" data-id=\"712882e\" data-element_type=\"column\">\n\t\t\t<div class=\"elementor-widget-wrap elementor-element-populated\">\n\t\t\t\t\t\t<div class=\"elementor-element elementor-element-3f535f7 elementor-widget elementor-widget-spps_title_text\" data-id=\"3f535f7\" data-element_type=\"widget\" data-widget_type=\"spps_title_text.default\">\n\t\t\t\t<div class=\"elementor-widget-container\">\n\t\t\t\t\t<div class=\"title-text-wrapper wrapper-spacing-small\"><div class=\"title-text-title\"><h3>Nous prenons parti pour un salaire digne<\/h3><\/div><div class=\"title-text-container\"><\/div><\/div>\t\t\t\t<\/div>\n\t\t\t\t<\/div>\n\t\t\t\t\t<\/div>\n\t\t<\/div>\n\t\t\t\t\t<\/div>\n\t\t<\/section>\n\t\t\t\t<section class=\"elementor-section elementor-top-section elementor-element elementor-element-ea76e4c elementor-section-boxed elementor-section-height-default elementor-section-height-default\" data-id=\"ea76e4c\" data-element_type=\"section\" data-settings=\"{&quot;jet_parallax_layout_list&quot;:[]}\">\n\t\t\t\t\t\t<div class=\"elementor-container elementor-column-gap-default\">\n\t\t\t\t\t<div class=\"elementor-column elementor-col-50 elementor-top-column elementor-element elementor-element-1cec3b5\" data-id=\"1cec3b5\" data-element_type=\"column\">\n\t\t\t<div class=\"elementor-widget-wrap elementor-element-populated\">\n\t\t\t\t\t\t<div class=\"elementor-element elementor-element-cd5a572 elementor-widget elementor-widget-image\" data-id=\"cd5a572\" data-element_type=\"widget\" data-widget_type=\"image.default\">\n\t\t\t\t<div class=\"elementor-widget-container\">\n\t\t\t\t\t\t\t\t\t\t\t\t\t\t\t<img decoding=\"async\" width=\"800\" height=\"534\" src=\"https:\/\/sp-ps-biel-bienne.ch\/wp-content\/uploads\/sites\/45\/2024\/07\/ND54742-1024x683.jpg\" class=\"attachment-large size-large wp-image-89827\" alt=\"\" srcset=\"https:\/\/sp-ps-biel-bienne.ch\/wp-content\/uploads\/sites\/45\/2024\/07\/ND54742-1024x683.jpg 1024w, https:\/\/sp-ps-biel-bienne.ch\/wp-content\/uploads\/sites\/45\/2024\/07\/ND54742-300x200.jpg 300w, https:\/\/sp-ps-biel-bienne.ch\/wp-content\/uploads\/sites\/45\/2024\/07\/ND54742-768x512.jpg 768w, https:\/\/sp-ps-biel-bienne.ch\/wp-content\/uploads\/sites\/45\/2024\/07\/ND54742-1536x1024.jpg 1536w, https:\/\/sp-ps-biel-bienne.ch\/wp-content\/uploads\/sites\/45\/2024\/07\/ND54742-2048x1366.jpg 2048w\" sizes=\"(max-width: 800px) 100vw, 800px\" \/>\t\t\t\t\t\t\t\t\t\t\t\t\t\t\t<\/div>\n\t\t\t\t<\/div>\n\t\t\t\t\t<\/div>\n\t\t<\/div>\n\t\t\t\t<div class=\"elementor-column elementor-col-50 elementor-top-column elementor-element elementor-element-b1273d6\" data-id=\"b1273d6\" data-element_type=\"column\">\n\t\t\t<div class=\"elementor-widget-wrap elementor-element-populated\">\n\t\t\t\t\t\t<div class=\"elementor-element elementor-element-87212a6 elementor-widget elementor-widget-text-editor\" data-id=\"87212a6\" data-element_type=\"widget\" data-widget_type=\"text-editor.default\">\n\t\t\t\t<div class=\"elementor-widget-container\">\n\t\t\t\t\t\t\t\t\t<p><span style=\"font-weight: 400;\">Trop de personnes \u00e0 Bienne ne peuvent pas payer leurs factures \u00e0 la fin du mois, malgr\u00e9 le fait qu\u2019elles travaillent dur: c\u2019est inadmissible. Pour que chacune et chacun dispose d\u2019un revenu suffisant pour vivre, nous voulons introduire \u00e0 Bienne un salaire minimum de 23 francs 80 de l\u2019heure.<\/span><\/p>\n\t\t\t\t\t\t\t\t<\/div>\n\t\t\t\t<\/div>\n\t\t\t\t\t<\/div>\n\t\t<\/div>\n\t\t\t\t\t<\/div>\n\t\t<\/section>\n\t\t\t\t<section class=\"elementor-section elementor-top-section elementor-element elementor-element-b515d6e elementor-section-boxed elementor-section-height-default elementor-section-height-default\" data-id=\"b515d6e\" data-element_type=\"section\" data-settings=\"{&quot;jet_parallax_layout_list&quot;:[]}\">\n\t\t\t\t\t\t<div class=\"elementor-container elementor-column-gap-default\">\n\t\t\t\t\t<div class=\"elementor-column elementor-col-100 elementor-top-column elementor-element elementor-element-36779c3\" data-id=\"36779c3\" data-element_type=\"column\">\n\t\t\t<div class=\"elementor-widget-wrap elementor-element-populated\">\n\t\t\t\t\t\t<div class=\"elementor-element elementor-element-0583b02 elementor-widget elementor-widget-spps_title_text\" data-id=\"0583b02\" data-element_type=\"widget\" data-widget_type=\"spps_title_text.default\">\n\t\t\t\t<div class=\"elementor-widget-container\">\n\t\t\t\t\t<div class=\"title-text-wrapper wrapper-spacing-small\"><div class=\"title-text-title\"><h3>Nous prenons parti pour une Bienne solidaire<\/h3><\/div><div class=\"title-text-container\"><\/div><\/div>\t\t\t\t<\/div>\n\t\t\t\t<\/div>\n\t\t\t\t<div class=\"elementor-element elementor-element-cc6fdef elementor-widget elementor-widget-text-editor\" data-id=\"cc6fdef\" data-element_type=\"widget\" data-widget_type=\"text-editor.default\">\n\t\t\t\t<div class=\"elementor-widget-container\">\n\t\t\t\t\t\t\t\t\t<p><span style=\"font-weight: 400;\">Nous nous engageons pour des prestations publiques fortes pour les familles, les jeunes, les adultes, les seniors et les personnes migrantes. Tout un chacun m\u00e9rite une formation de qualit\u00e9, des offres vari\u00e9es dans la culture et les loisirs, pour pouvoir mener une vie digne, y compris jusque dans le grand \u00e2ge. Nous prenons soin de nos institutions et nous nous opposons au d\u00e9mant\u00e8lement et aux privatisations.\u00a0<\/span><\/p>\n<p><span style=\"font-weight: 400;\">Nous luttons pour l\u2019\u00e9galit\u00e9 \u00e0 tous les niveaux de la soci\u00e9t\u00e9 : le salaire \u00e9gal pour travail \u00e9gal, le d\u00e9veloppement de l\u2019accueil extrafamilial ou encore le soutien aux victimes de discrimination ou de violence.\u00a0<\/span><\/p>\n<p><span style=\"font-weight: 400;\">Nous luttons \u00e9galement contre le changement climatique, de mani\u00e8re socialement \u00e9quitable, en misant sur la mobilit\u00e9 douce et les \u00e9nergies renouvelables.\u00a0<\/span><\/p>\n\t\t\t\t\t\t\t\t<\/div>\n\t\t\t\t<\/div>\n\t\t\t\t<div class=\"elementor-element elementor-element-628201f elementor-widget elementor-widget-spps_title_text\" data-id=\"628201f\" data-element_type=\"widget\" data-widget_type=\"spps_title_text.default\">\n\t\t\t\t<div class=\"elementor-widget-container\">\n\t\t\t\t\t<div class=\"title-text-wrapper wrapper-spacing-small\"><div class=\"title-text-title\"><h3>Nous prenons parti pour les francophones<\/h3><\/div><div class=\"title-text-container\"><\/div><\/div>\t\t\t\t<\/div>\n\t\t\t\t<\/div>\n\t\t\t\t<div class=\"elementor-element elementor-element-d1295a7 elementor-widget elementor-widget-text-editor\" data-id=\"d1295a7\" data-element_type=\"widget\" data-widget_type=\"text-editor.default\">\n\t\t\t\t<div class=\"elementor-widget-container\">\n\t\t\t\t\t\t\t\t\t<p><span style=\"font-weight: 400;\">La vitalit\u00e9 du bilinguisme biennois r\u00e9side dans la cohabitation de deux communaut\u00e9s linguistiques fortes, qui collaborent et se compl\u00e8tent. \u00c0 cet effet, nous nous engageons pour une juste repr\u00e9sentation de la minorit\u00e9 romande en politique, dans l\u2019administration, les places d\u2019apprentissage et tous les autres aspects de la vie biennoise.<\/span><\/p>\t\t\t\t\t\t\t\t<\/div>\n\t\t\t\t<\/div>\n\t\t\t\t<div class=\"elementor-element elementor-element-6da5ad7 elementor-widget elementor-widget-image\" data-id=\"6da5ad7\" data-element_type=\"widget\" data-widget_type=\"image.default\">\n\t\t\t\t<div class=\"elementor-widget-container\">\n\t\t\t\t\t\t\t\t\t\t\t\t\t\t\t<img decoding=\"async\" width=\"800\" height=\"566\" src=\"https:\/\/sp-ps-biel-bienne.ch\/wp-content\/uploads\/sites\/45\/2024\/07\/DJI_0740vhell-1024x724.png\" class=\"attachment-large size-large wp-image-89858\" alt=\"\" srcset=\"https:\/\/sp-ps-biel-bienne.ch\/wp-content\/uploads\/sites\/45\/2024\/07\/DJI_0740vhell-1024x724.png 1024w, https:\/\/sp-ps-biel-bienne.ch\/wp-content\/uploads\/sites\/45\/2024\/07\/DJI_0740vhell-300x212.png 300w, https:\/\/sp-ps-biel-bienne.ch\/wp-content\/uploads\/sites\/45\/2024\/07\/DJI_0740vhell-768x543.png 768w, https:\/\/sp-ps-biel-bienne.ch\/wp-content\/uploads\/sites\/45\/2024\/07\/DJI_0740vhell-1536x1086.png 1536w, https:\/\/sp-ps-biel-bienne.ch\/wp-content\/uploads\/sites\/45\/2024\/07\/DJI_0740vhell-2048x1448.png 2048w\" sizes=\"(max-width: 800px) 100vw, 800px\" \/>\t\t\t\t\t\t\t\t\t\t\t\t\t\t\t<\/div>\n\t\t\t\t<\/div>\n\t\t\t\t\t<\/div>\n\t\t<\/div>\n\t\t\t\t\t<\/div>\n\t\t<\/section>\n\t\t\t\t<\/div>\n\t\t","protected":false},"excerpt":{"rendered":"<p>Themes Nous prenons parti pour des loyers abordables Bienne est attractive et en pleine croissance. Or, si nous n&#8217;agissons pas maintenant, les loyers vont exploser. C\u2019est pourquoi nous encourageons la [&hellip;]<\/p>\n","protected":false},"author":5,"featured_media":0,"parent":89898,"menu_order":0,"comment_status":"closed","ping_status":"closed","template":"","meta":{"footnotes":""},"class_list":["post-89901","page","type-page","status-publish","hentry"],"_links":{"self":[{"href":"https:\/\/sp-ps-biel-bienne.ch\/fr\/wp-json\/wp\/v2\/pages\/89901","targetHints":{"allow":["GET"]}}],"collection":[{"href":"https:\/\/sp-ps-biel-bienne.ch\/fr\/wp-json\/wp\/v2\/pages"}],"about":[{"href":"https:\/\/sp-ps-biel-bienne.ch\/fr\/wp-json\/wp\/v2\/types\/page"}],"author":[{"embeddable":true,"href":"https:\/\/sp-ps-biel-bienne.ch\/fr\/wp-json\/wp\/v2\/users\/5"}],"replies":[{"embeddable":true,"href":"https:\/\/sp-ps-biel-bienne.ch\/fr\/wp-json\/wp\/v2\/comments?post=89901"}],"version-history":[{"count":6,"href":"https:\/\/sp-ps-biel-bienne.ch\/fr\/wp-json\/wp\/v2\/pages\/89901\/revisions"}],"predecessor-version":[{"id":90293,"href":"https:\/\/sp-ps-biel-bienne.ch\/fr\/wp-json\/wp\/v2\/pages\/89901\/revisions\/90293"}],"up":[{"embeddable":true,"href":"https:\/\/sp-ps-biel-bienne.ch\/fr\/wp-json\/wp\/v2\/pages\/89898"}],"wp:attachment":[{"href":"https:\/\/sp-ps-biel-bienne.ch\/fr\/wp-json\/wp\/v2\/media?parent=89901"}],"curies":[{"name":"wp","href":"https:\/\/api.w.org\/{rel}","templated":true}]}}