{"id":89564,"date":"2024-06-06T14:59:24","date_gmt":"2024-06-06T12:59:24","guid":{"rendered":"https:\/\/biel-gesamt.spschweiz.ch\/home\/actualites\/"},"modified":"2024-07-18T20:09:58","modified_gmt":"2024-07-18T18:09:58","slug":"actualites","status":"publish","type":"page","link":"https:\/\/sp-ps-biel-bienne.ch\/fr\/home\/actualites\/","title":{"rendered":"Actualit\u00e9s"},"content":{"rendered":"\t\t<div data-elementor-type=\"wp-page\" data-elementor-id=\"89564\" class=\"elementor elementor-89564 elementor-84092\" data-elementor-post-type=\"page\">\n\t\t\t\t\t\t<section class=\"elementor-section elementor-top-section elementor-element elementor-element-9f1a212 elementor-section-boxed elementor-section-height-default elementor-section-height-default\" data-id=\"9f1a212\" data-element_type=\"section\" data-settings=\"{&quot;jet_parallax_layout_list&quot;:[],&quot;background_background&quot;:&quot;classic&quot;}\">\n\t\t\t\t\t\t<div class=\"elementor-container elementor-column-gap-wide\">\n\t\t\t\t\t<div class=\"elementor-column elementor-col-100 elementor-top-column elementor-element elementor-element-50dbb55\" data-id=\"50dbb55\" data-element_type=\"column\">\n\t\t\t<div class=\"elementor-widget-wrap elementor-element-populated\">\n\t\t\t\t\t\t<div class=\"elementor-element elementor-element-9eee34f elementor-widget elementor-widget-heading\" data-id=\"9eee34f\" data-element_type=\"widget\" data-widget_type=\"heading.default\">\n\t\t\t\t<div class=\"elementor-widget-container\">\n\t\t\t\t\t<h1 class=\"elementor-heading-title elementor-size-default\">Actualit\u00e9s<\/h1>\t\t\t\t<\/div>\n\t\t\t\t<\/div>\n\t\t\n\t\t<div class=\"elementor-element elementor-element-e5dcc56 elementor-widget elementor-widget-jet-breadcrumbs\" data-id=\"e5dcc56\" data-element_type=\"widget\" data-widget_type=\"jet-breadcrumbs.default\">\n\t\t\t\t<div class=\"elementor-widget-container\">\n\t\t\t\t\t<div class=\"elementor-jet-breadcrumbs jet-blocks\">\n\t\t<div class=\"jet-breadcrumbs\">\n\t\t<div class=\"jet-breadcrumbs__content\">\n\t\t<div class=\"jet-breadcrumbs__wrap\">\n\t\t<\/div>\n\t\t<\/div>\n\t\t<\/div><\/div>\t\t\t\t<\/div>\n\t\t\t\t<\/div>\n\t\t\t\t\t<\/div>\n\t\t<\/div>\n\t\t\t\t\t<\/div>\n\t\t<\/section>\n\t\t\t\t<section class=\"elementor-section elementor-top-section elementor-element elementor-element-8739909 elementor-section-boxed elementor-section-height-default elementor-section-height-default\" data-id=\"8739909\" data-element_type=\"section\" data-settings=\"{&quot;jet_parallax_layout_list&quot;:[]}\">\n\t\t\t\t\t\t<div class=\"elementor-container elementor-column-gap-default\">\n\t\t\t\t\t<div class=\"elementor-column elementor-col-100 elementor-top-column elementor-element elementor-element-befffaf\" data-id=\"befffaf\" data-element_type=\"column\">\n\t\t\t<div class=\"elementor-widget-wrap elementor-element-populated\">\n\t\t\t\t\t\t<div class=\"elementor-element elementor-element-1d3cd31 elementor-grid-2 elementor-grid-tablet-2 elementor-grid-mobile-1 elementor-posts--thumbnail-top elementor-card-shadow-yes elementor-posts__hover-gradient elementor-widget elementor-widget-posts\" data-id=\"1d3cd31\" data-element_type=\"widget\" data-settings=\"{&quot;cards_columns&quot;:&quot;2&quot;,&quot;pagination_type&quot;:&quot;numbers_and_prev_next&quot;,&quot;cards_columns_tablet&quot;:&quot;2&quot;,&quot;cards_columns_mobile&quot;:&quot;1&quot;,&quot;cards_row_gap&quot;:{&quot;unit&quot;:&quot;px&quot;,&quot;size&quot;:35,&quot;sizes&quot;:[]},&quot;cards_row_gap_tablet&quot;:{&quot;unit&quot;:&quot;px&quot;,&quot;size&quot;:&quot;&quot;,&quot;sizes&quot;:[]},&quot;cards_row_gap_mobile&quot;:{&quot;unit&quot;:&quot;px&quot;,&quot;size&quot;:&quot;&quot;,&quot;sizes&quot;:[]}}\" data-widget_type=\"posts.cards\">\n\t\t\t\t<div class=\"elementor-widget-container\">\n\t\t\t\t\t\t\t<div class=\"elementor-posts-container elementor-posts elementor-posts--skin-cards elementor-grid\" role=\"list\">\n\t\t\t\t<article class=\"elementor-post elementor-grid-item post-91242 post type-post status-publish format-standard hentry category-actualites tag-biel tag-biel-fr tag-biel-bienne tag-biel-bienne-fr tag-bienne tag-bienne-fr tag-fehr tag-herrmann tag-mort tag-tod\" role=\"listitem\">\n\t\t\t<div class=\"elementor-post__card\">\n\t\t\t\t<div class=\"elementor-post__text\">\n\t\t\t\t<h1 class=\"elementor-post__title\">\n\t\t\t<a href=\"https:\/\/sp-ps-biel-bienne.ch\/fr\/blog\/2026\/04\/23\/on-rend-hommage-a-hermann-fehr\/\" >\n\t\t\t\tOn rend hommage \u00e0 Hermann Fehr\t\t\t<\/a>\n\t\t<\/h1>\n\t\t\t\t<div class=\"elementor-post__excerpt\">\n\t\t\t<p>C\u2019est avec une profonde tristesse que nous faisons nos adieux \u00e0 notre camarade de longue date, Hermann Fehr-Tobler30 juin 1941 \u2013 18 avril 2026 Conseiller municipal, maire durant de nombreuses<\/p>\n\t\t<\/div>\n\t\t\n\t\t<a class=\"elementor-post__read-more\" href=\"https:\/\/sp-ps-biel-bienne.ch\/fr\/blog\/2026\/04\/23\/on-rend-hommage-a-hermann-fehr\/\" aria-label=\"En savoir plus sur On rend hommage \u00e0 Hermann Fehr\" tabindex=\"-1\" >\n\t\t\tContinuer\t\t<\/a>\n\n\t\t\t\t<\/div>\n\t\t\t\t<div class=\"elementor-post__meta-data\">\n\t\t\t\t\t<span class=\"elementor-post-date\">\n\t\t\t23. avril 2026\t\t<\/span>\n\t\t\t\t<\/div>\n\t\t\t\t\t<\/div>\n\t\t<\/article>\n\t\t\t\t<article class=\"elementor-post elementor-grid-item post-90559 post type-post status-publish format-standard hentry category-actualites tag-biel-fr tag-biel-bienne-fr tag-bienne-fr tag-initiative-sur-les-salaires-minimums tag-ps-bienne-fr tag-salaire-minimum tag-sp-biel-fr\" role=\"listitem\">\n\t\t\t<div class=\"elementor-post__card\">\n\t\t\t\t<div class=\"elementor-post__text\">\n\t\t\t\t<h1 class=\"elementor-post__title\">\n\t\t\t<a href=\"https:\/\/sp-ps-biel-bienne.ch\/fr\/blog\/2025\/05\/23\/le-ps-biennois-condamne-la-tactique-de-retardement-contre-linitiative-sur-le-salaire-minimum\/\" >\n\t\t\t\tLe PS biennois condamne la tactique de retardement contre l\u2019initiative sur le salaire minimum\t\t\t<\/a>\n\t\t<\/h1>\n\t\t\t\t<div class=\"elementor-post__excerpt\">\n\t\t\t<p>23.05.2025 \u2013 Apr\u00e8s que les associations \u00e9conomiques de la ville de Bienne ont annonc\u00e9 un recours contre l\u2019initiative d\u00e9pos\u00e9e sur le salaire minimum, le PS, plus grand parti biennois, intervient<\/p>\n\t\t<\/div>\n\t\t\n\t\t<a class=\"elementor-post__read-more\" href=\"https:\/\/sp-ps-biel-bienne.ch\/fr\/blog\/2025\/05\/23\/le-ps-biennois-condamne-la-tactique-de-retardement-contre-linitiative-sur-le-salaire-minimum\/\" aria-label=\"En savoir plus sur Le PS biennois condamne la tactique de retardement contre l\u2019initiative sur le salaire minimum\" tabindex=\"-1\" >\n\t\t\tContinuer\t\t<\/a>\n\n\t\t\t\t<\/div>\n\t\t\t\t<div class=\"elementor-post__meta-data\">\n\t\t\t\t\t<span class=\"elementor-post-date\">\n\t\t\t23. mai 2025\t\t<\/span>\n\t\t\t\t<\/div>\n\t\t\t\t\t<\/div>\n\t\t<\/article>\n\t\t\t\t<article class=\"elementor-post elementor-grid-item post-90545 post type-post status-publish format-standard has-post-thumbnail hentry category-actualites tag-biel-fr tag-biel-bienne-fr tag-bienne-fr tag-copresidence tag-julian-meier-fr tag-politique tag-presidence tag-ps-bienne-fr tag-selen-baskara-fr tag-sp-biel-fr\" role=\"listitem\">\n\t\t\t<div class=\"elementor-post__card\">\n\t\t\t\t<a class=\"elementor-post__thumbnail__link\" href=\"https:\/\/sp-ps-biel-bienne.ch\/fr\/blog\/2025\/05\/02\/nouvelle-copresidence\/\" tabindex=\"-1\" ><div class=\"elementor-post__thumbnail\"><img fetchpriority=\"high\" decoding=\"async\" width=\"300\" height=\"200\" src=\"https:\/\/sp-ps-biel-bienne.ch\/wp-content\/uploads\/sites\/45\/2025\/05\/Co-Praesidium-Sitzend-Winterlich-300x200.jpg\" class=\"attachment-medium size-medium wp-image-90543\" alt=\"\" srcset=\"https:\/\/sp-ps-biel-bienne.ch\/wp-content\/uploads\/sites\/45\/2025\/05\/Co-Praesidium-Sitzend-Winterlich-300x200.jpg 300w, https:\/\/sp-ps-biel-bienne.ch\/wp-content\/uploads\/sites\/45\/2025\/05\/Co-Praesidium-Sitzend-Winterlich-1024x683.jpg 1024w, https:\/\/sp-ps-biel-bienne.ch\/wp-content\/uploads\/sites\/45\/2025\/05\/Co-Praesidium-Sitzend-Winterlich-768x512.jpg 768w, https:\/\/sp-ps-biel-bienne.ch\/wp-content\/uploads\/sites\/45\/2025\/05\/Co-Praesidium-Sitzend-Winterlich-1536x1024.jpg 1536w, https:\/\/sp-ps-biel-bienne.ch\/wp-content\/uploads\/sites\/45\/2025\/05\/Co-Praesidium-Sitzend-Winterlich-2048x1365.jpg 2048w\" sizes=\"(max-width: 300px) 100vw, 300px\" \/><\/div><\/a>\n\t\t\t\t<div class=\"elementor-post__text\">\n\t\t\t\t<h1 class=\"elementor-post__title\">\n\t\t\t<a href=\"https:\/\/sp-ps-biel-bienne.ch\/fr\/blog\/2025\/05\/02\/nouvelle-copresidence\/\" >\n\t\t\t\tNouvelle copr\u00e9sidence\t\t\t<\/a>\n\t\t<\/h1>\n\t\t\t\t<div class=\"elementor-post__excerpt\">\n\t\t\t<p>Mercredi dernier, le PS Biennois a \u00e9lu une nouvelle copr\u00e9sidence. Avec le conseiller de ville Julian Meier et Selen Baskara, c&#8217;est un duo jeune et dynamique qui prend la t\u00eate<\/p>\n\t\t<\/div>\n\t\t\n\t\t<a class=\"elementor-post__read-more\" href=\"https:\/\/sp-ps-biel-bienne.ch\/fr\/blog\/2025\/05\/02\/nouvelle-copresidence\/\" aria-label=\"En savoir plus sur Nouvelle copr\u00e9sidence\" tabindex=\"-1\" >\n\t\t\tContinuer\t\t<\/a>\n\n\t\t\t\t<\/div>\n\t\t\t\t<div class=\"elementor-post__meta-data\">\n\t\t\t\t\t<span class=\"elementor-post-date\">\n\t\t\t2. mai 2025\t\t<\/span>\n\t\t\t\t<\/div>\n\t\t\t\t\t<\/div>\n\t\t<\/article>\n\t\t\t\t<article class=\"elementor-post elementor-grid-item post-90367 post type-post status-publish format-standard has-post-thumbnail hentry category-actualites\" role=\"listitem\">\n\t\t\t<div class=\"elementor-post__card\">\n\t\t\t\t<a class=\"elementor-post__thumbnail__link\" href=\"https:\/\/sp-ps-biel-bienne.ch\/fr\/blog\/2024\/08\/31\/notre-journal-electoral-est-arrive\/\" tabindex=\"-1\" ><div class=\"elementor-post__thumbnail\"><img decoding=\"async\" width=\"269\" height=\"300\" src=\"https:\/\/sp-ps-biel-bienne.ch\/wp-content\/uploads\/sites\/45\/2024\/08\/Titelseite_SP-PS_Sep_24-269x300.png\" class=\"attachment-medium size-medium wp-image-90365\" alt=\"\" srcset=\"https:\/\/sp-ps-biel-bienne.ch\/wp-content\/uploads\/sites\/45\/2024\/08\/Titelseite_SP-PS_Sep_24-269x300.png 269w, https:\/\/sp-ps-biel-bienne.ch\/wp-content\/uploads\/sites\/45\/2024\/08\/Titelseite_SP-PS_Sep_24.png 642w\" sizes=\"(max-width: 269px) 100vw, 269px\" \/><\/div><\/a>\n\t\t\t\t<div class=\"elementor-post__text\">\n\t\t\t\t<h1 class=\"elementor-post__title\">\n\t\t\t<a href=\"https:\/\/sp-ps-biel-bienne.ch\/fr\/blog\/2024\/08\/31\/notre-journal-electoral-est-arrive\/\" >\n\t\t\t\tNotre journal \u00e9lectoral est arriv\u00e9 !\t\t\t<\/a>\n\t\t<\/h1>\n\t\t\t\t<div class=\"elementor-post__excerpt\">\n\t\t\t<p>Conseil de ville: LISTES 6, 8, 12Conseil municipal: LISTE 2Mairie: GLENDA GONZALEZ BASSI<\/p>\n\t\t<\/div>\n\t\t\n\t\t<a class=\"elementor-post__read-more\" href=\"https:\/\/sp-ps-biel-bienne.ch\/fr\/blog\/2024\/08\/31\/notre-journal-electoral-est-arrive\/\" aria-label=\"En savoir plus sur Notre journal \u00e9lectoral est arriv\u00e9 !\" tabindex=\"-1\" >\n\t\t\tContinuer\t\t<\/a>\n\n\t\t\t\t<\/div>\n\t\t\t\t<div class=\"elementor-post__meta-data\">\n\t\t\t\t\t<span class=\"elementor-post-date\">\n\t\t\t31. ao\u00fbt 2024\t\t<\/span>\n\t\t\t\t<\/div>\n\t\t\t\t\t<\/div>\n\t\t<\/article>\n\t\t\t\t<article class=\"elementor-post elementor-grid-item post-90295 post type-post status-publish format-standard has-post-thumbnail hentry category-actualites\" role=\"listitem\">\n\t\t\t<div class=\"elementor-post__card\">\n\t\t\t\t<a class=\"elementor-post__thumbnail__link\" href=\"https:\/\/sp-ps-biel-bienne.ch\/fr\/blog\/2024\/08\/20\/le-poing-a-la-rose\/\" tabindex=\"-1\" ><div class=\"elementor-post__thumbnail\"><img decoding=\"async\" width=\"213\" height=\"300\" src=\"https:\/\/sp-ps-biel-bienne.ch\/wp-content\/uploads\/sites\/45\/2024\/08\/poing_a_la_rose_2024-213x300.png\" class=\"attachment-medium size-medium wp-image-90309\" alt=\"\" srcset=\"https:\/\/sp-ps-biel-bienne.ch\/wp-content\/uploads\/sites\/45\/2024\/08\/poing_a_la_rose_2024-213x300.png 213w, https:\/\/sp-ps-biel-bienne.ch\/wp-content\/uploads\/sites\/45\/2024\/08\/poing_a_la_rose_2024.png 630w\" sizes=\"(max-width: 213px) 100vw, 213px\" \/><\/div><\/a>\n\t\t\t\t<div class=\"elementor-post__text\">\n\t\t\t\t<h1 class=\"elementor-post__title\">\n\t\t\t<a href=\"https:\/\/sp-ps-biel-bienne.ch\/fr\/blog\/2024\/08\/20\/le-poing-a-la-rose\/\" >\n\t\t\t\tLe Poing \u00e0 la Rose\t\t\t<\/a>\n\t\t<\/h1>\n\t\t\t\t<div class=\"elementor-post__excerpt\">\n\t\t\t\t\t<\/div>\n\t\t\n\t\t<a class=\"elementor-post__read-more\" href=\"https:\/\/sp-ps-biel-bienne.ch\/fr\/blog\/2024\/08\/20\/le-poing-a-la-rose\/\" aria-label=\"En savoir plus sur Le Poing \u00e0 la Rose\" tabindex=\"-1\" >\n\t\t\tContinuer\t\t<\/a>\n\n\t\t\t\t<\/div>\n\t\t\t\t<div class=\"elementor-post__meta-data\">\n\t\t\t\t\t<span class=\"elementor-post-date\">\n\t\t\t20. ao\u00fbt 2024\t\t<\/span>\n\t\t\t\t<\/div>\n\t\t\t\t\t<\/div>\n\t\t<\/article>\n\t\t\t\t<article class=\"elementor-post elementor-grid-item post-3199 post type-post status-publish format-standard has-post-thumbnail hentry category-unkategorisiert\" role=\"listitem\">\n\t\t\t<div class=\"elementor-post__card\">\n\t\t\t\t<a class=\"elementor-post__thumbnail__link\" href=\"https:\/\/sp-ps-biel-bienne.ch\/fr\/blog\/2024\/05\/22\/votations-du-9-juin-2024\/\" tabindex=\"-1\" ><div class=\"elementor-post__thumbnail\"><img loading=\"lazy\" decoding=\"async\" width=\"300\" height=\"200\" src=\"https:\/\/sp-ps-biel-bienne.ch\/wp-content\/uploads\/sites\/45\/2022\/12\/sp-dv_3-300x200.jpg\" class=\"attachment-medium size-medium wp-image-2821\" alt=\"\" srcset=\"https:\/\/sp-ps-biel-bienne.ch\/wp-content\/uploads\/sites\/45\/2022\/12\/sp-dv_3-300x200.jpg 300w, https:\/\/sp-ps-biel-bienne.ch\/wp-content\/uploads\/sites\/45\/2022\/12\/sp-dv_3.jpg 655w\" sizes=\"(max-width: 300px) 100vw, 300px\" \/><\/div><\/a>\n\t\t\t\t<div class=\"elementor-post__text\">\n\t\t\t\t<h1 class=\"elementor-post__title\">\n\t\t\t<a href=\"https:\/\/sp-ps-biel-bienne.ch\/fr\/blog\/2024\/05\/22\/votations-du-9-juin-2024\/\" >\n\t\t\t\tVotations du 9 juin 2024\t\t\t<\/a>\n\t\t<\/h1>\n\t\t\t\t<div class=\"elementor-post__excerpt\">\n\t\t\t<p>Le PS Bienne recommande de voter comme suit lors des votations du 9 juin 2024 : OUI au cr\u00e9dit d\u2019engagement pour le r\u00e9am\u00e9nagement du quai du Bas OUI au cr\u00e9dit<\/p>\n\t\t<\/div>\n\t\t\n\t\t<a class=\"elementor-post__read-more\" href=\"https:\/\/sp-ps-biel-bienne.ch\/fr\/blog\/2024\/05\/22\/votations-du-9-juin-2024\/\" aria-label=\"En savoir plus sur Votations du 9 juin 2024\" tabindex=\"-1\" >\n\t\t\tContinuer\t\t<\/a>\n\n\t\t\t\t<\/div>\n\t\t\t\t<div class=\"elementor-post__meta-data\">\n\t\t\t\t\t<span class=\"elementor-post-date\">\n\t\t\t22. mai 2024\t\t<\/span>\n\t\t\t\t<\/div>\n\t\t\t\t\t<\/div>\n\t\t<\/article>\n\t\t\t\t<\/div>\n\t\t\n\t\t\t\t<div class=\"e-load-more-anchor\" data-page=\"1\" data-max-page=\"7\" data-next-page=\"https:\/\/sp-ps-biel-bienne.ch\/fr\/wp-json\/wp\/v2\/pages\/89564\/page\/2\/\"><\/div>\n\t\t\t\t<nav class=\"elementor-pagination\" aria-label=\"Pagination\">\n\t\t\t<span class=\"page-numbers prev\">Avant<\/span>\n<span aria-current=\"page\" class=\"page-numbers current\"><span class=\"elementor-screen-only\">Page<\/span>1<\/span>\n<a class=\"page-numbers\" href=\"https:\/\/sp-ps-biel-bienne.ch\/fr\/wp-json\/wp\/v2\/pages\/89564\/page\/2\/\"><span class=\"elementor-screen-only\">Page<\/span>2<\/a>\n<a class=\"page-numbers\" href=\"https:\/\/sp-ps-biel-bienne.ch\/fr\/wp-json\/wp\/v2\/pages\/89564\/page\/3\/\"><span class=\"elementor-screen-only\">Page<\/span>3<\/a>\n<a class=\"page-numbers\" href=\"https:\/\/sp-ps-biel-bienne.ch\/fr\/wp-json\/wp\/v2\/pages\/89564\/page\/4\/\"><span class=\"elementor-screen-only\">Page<\/span>4<\/a>\n<a class=\"page-numbers\" href=\"https:\/\/sp-ps-biel-bienne.ch\/fr\/wp-json\/wp\/v2\/pages\/89564\/page\/5\/\"><span class=\"elementor-screen-only\">Page<\/span>5<\/a>\n<a class=\"page-numbers next\" href=\"https:\/\/sp-ps-biel-bienne.ch\/fr\/wp-json\/wp\/v2\/pages\/89564\/page\/2\/\">Prochain<\/a>\t\t<\/nav>\n\t\t\t\t\t\t<\/div>\n\t\t\t\t<\/div>\n\t\t\t\t\t<\/div>\n\t\t<\/div>\n\t\t\t\t\t<\/div>\n\t\t<\/section>\n\t\t\t\t<\/div>\n\t\t","protected":false},"excerpt":{"rendered":"<p>Actualit\u00e9s<\/p>\n","protected":false},"author":5,"featured_media":0,"parent":63,"menu_order":0,"comment_status":"closed","ping_status":"closed","template":"","meta":{"footnotes":""},"class_list":["post-89564","page","type-page","status-publish","hentry"],"_links":{"self":[{"href":"https:\/\/sp-ps-biel-bienne.ch\/fr\/wp-json\/wp\/v2\/pages\/89564","targetHints":{"allow":["GET"]}}],"collection":[{"href":"https:\/\/sp-ps-biel-bienne.ch\/fr\/wp-json\/wp\/v2\/pages"}],"about":[{"href":"https:\/\/sp-ps-biel-bienne.ch\/fr\/wp-json\/wp\/v2\/types\/page"}],"author":[{"embeddable":true,"href":"https:\/\/sp-ps-biel-bienne.ch\/fr\/wp-json\/wp\/v2\/users\/5"}],"replies":[{"embeddable":true,"href":"https:\/\/sp-ps-biel-bienne.ch\/fr\/wp-json\/wp\/v2\/comments?post=89564"}],"version-history":[{"count":10,"href":"https:\/\/sp-ps-biel-bienne.ch\/fr\/wp-json\/wp\/v2\/pages\/89564\/revisions"}],"predecessor-version":[{"id":90114,"href":"https:\/\/sp-ps-biel-bienne.ch\/fr\/wp-json\/wp\/v2\/pages\/89564\/revisions\/90114"}],"up":[{"embeddable":true,"href":"https:\/\/sp-ps-biel-bienne.ch\/fr\/wp-json\/wp\/v2\/pages\/63"}],"wp:attachment":[{"href":"https:\/\/sp-ps-biel-bienne.ch\/fr\/wp-json\/wp\/v2\/media?parent=89564"}],"curies":[{"name":"wp","href":"https:\/\/api.w.org\/{rel}","templated":true}]}}