{"id":86953,"date":"2023-05-31T15:48:52","date_gmt":"2023-05-31T13:48:52","guid":{"rendered":"https:\/\/spbe.spschweiz.ch\/personnes\/comite-directeur\/"},"modified":"2024-06-06T15:28:39","modified_gmt":"2024-06-06T13:28:39","slug":"comite-directeur","status":"publish","type":"page","link":"https:\/\/sp-ps-biel-bienne.ch\/fr\/comite-directeur\/","title":{"rendered":"Comit\u00e9 directeur"},"content":{"rendered":"\t\t<div data-elementor-type=\"wp-page\" data-elementor-id=\"86953\" class=\"elementor elementor-86953 elementor-84146\" data-elementor-post-type=\"page\">\n\t\t\t\t\t\t<section class=\"elementor-section elementor-top-section elementor-element elementor-element-603adb1 elementor-section-boxed elementor-section-height-default elementor-section-height-default\" data-id=\"603adb1\" data-element_type=\"section\" data-settings=\"{&quot;jet_parallax_layout_list&quot;:[],&quot;background_background&quot;:&quot;classic&quot;}\">\n\t\t\t\t\t\t<div class=\"elementor-container elementor-column-gap-wide\">\n\t\t\t\t\t<div class=\"elementor-column elementor-col-100 elementor-top-column elementor-element elementor-element-b25c69f\" data-id=\"b25c69f\" data-element_type=\"column\">\n\t\t\t<div class=\"elementor-widget-wrap elementor-element-populated\">\n\t\t\t\t\t\t<div class=\"elementor-element elementor-element-0e9cdfb elementor-widget elementor-widget-heading\" data-id=\"0e9cdfb\" data-element_type=\"widget\" data-widget_type=\"heading.default\">\n\t\t\t\t<div class=\"elementor-widget-container\">\n\t\t\t\t\t<h1 class=\"elementor-heading-title elementor-size-default\">Comit\u00e9 directeur<\/h1>\t\t\t\t<\/div>\n\t\t\t\t<\/div>\n\t\t\n\t\t<div class=\"elementor-element elementor-element-4c612fe elementor-widget elementor-widget-jet-breadcrumbs\" data-id=\"4c612fe\" data-element_type=\"widget\" data-widget_type=\"jet-breadcrumbs.default\">\n\t\t\t\t<div class=\"elementor-widget-container\">\n\t\t\t\t\t<div class=\"elementor-jet-breadcrumbs jet-blocks\">\n\t\t<div class=\"jet-breadcrumbs\">\n\t\t<div class=\"jet-breadcrumbs__content\">\n\t\t<div class=\"jet-breadcrumbs__wrap\">\n\t\t<\/div>\n\t\t<\/div>\n\t\t<\/div><\/div>\t\t\t\t<\/div>\n\t\t\t\t<\/div>\n\t\t\t\t<div class=\"elementor-element elementor-element-4b197a1 elementor-widget__width-initial elementor-widget elementor-widget-text-editor\" data-id=\"4b197a1\" data-element_type=\"widget\" data-widget_type=\"text-editor.default\">\n\t\t\t\t<div class=\"elementor-widget-container\">\n\t\t\t\t\t\t\t\t\t<p>La direction est responsable de la gestion strat\u00e9gique de l&#8217;ensemble du parti. Elle d\u00e9cide des directives politiques et des campagnes de votation et d&#8217;\u00e9lection.<\/p>\n\t\t\t\t\t\t\t\t<\/div>\n\t\t\t\t<\/div>\n\t\t\t\t\t<\/div>\n\t\t<\/div>\n\t\t\t\t\t<\/div>\n\t\t<\/section>\n\t\t\t\t<section class=\"elementor-section elementor-top-section elementor-element elementor-element-dc5f2fc elementor-section-boxed elementor-section-height-default elementor-section-height-default\" data-id=\"dc5f2fc\" data-element_type=\"section\" data-settings=\"{&quot;jet_parallax_layout_list&quot;:[]}\">\n\t\t\t\t\t\t<div class=\"elementor-container elementor-column-gap-default\">\n\t\t\t\t\t<div class=\"elementor-column elementor-col-100 elementor-top-column elementor-element elementor-element-6a1a188\" data-id=\"6a1a188\" data-element_type=\"column\">\n\t\t\t<div class=\"elementor-widget-wrap elementor-element-populated\">\n\t\t\t\t\t\t<div class=\"elementor-element elementor-element-06242fc elementor-widget elementor-widget-jet-breadcrumbs\" data-id=\"06242fc\" data-element_type=\"widget\" data-widget_type=\"jet-breadcrumbs.default\">\n\t\t\t\t<div class=\"elementor-widget-container\">\n\t\t\t\t\t<div class=\"elementor-jet-breadcrumbs jet-blocks\">\n\t\t<div class=\"jet-breadcrumbs\">\n\t\t<div class=\"jet-breadcrumbs__content\">\n\t\t<div class=\"jet-breadcrumbs__wrap\">\n\t\t<\/div>\n\t\t<\/div>\n\t\t<\/div><\/div>\t\t\t\t<\/div>\n\t\t\t\t<\/div>\n\t\t\t\t<div class=\"elementor-element elementor-element-d414c47 elementor-widget elementor-widget-spps_person_grid\" data-id=\"d414c47\" data-element_type=\"widget\" data-widget_type=\"spps_person_grid.default\">\n\t\t\t\t<div class=\"elementor-widget-container\">\n\t\t\t\t\t<div class=\"button-list-wrapper \"><div class=\"button-list-container\"><div class=\"persons persons-grid-2\"><div class=\"persons-items\"><div class=\"persons-item\"><div class=\"person-container\"><div class=\"person-portrait\"><a href=\"https:\/\/sp-ps-biel-bienne.ch\/fr\/person\/90551\/\"><img decoding=\"async\" src=\"https:\/\/sp-ps-biel-bienne.ch\/wp-content\/uploads\/sites\/45\/2026\/03\/Selen-1-600x600.png?v=1773774120\" alt=\"Selen Baskara\" loading=\"lazy\"><\/a><\/div><div class=\"person-content\"><a href=\"https:\/\/sp-ps-biel-bienne.ch\/fr\/person\/90551\/\" class=\"person-name\"><p><strong>Selen Baskara<\/strong><\/p><\/a><p class=\"person-position\">copr\u00e9sidente<\/p><\/div><\/div><\/div><div class=\"persons-item\"><div class=\"person-container\"><div class=\"person-portrait\"><a href=\"https:\/\/sp-ps-biel-bienne.ch\/fr\/person\/julian-meier\/\"><img decoding=\"async\" src=\"https:\/\/sp-ps-biel-bienne.ch\/wp-content\/uploads\/sites\/45\/2026\/03\/Julian-600x600.png?v=1773750526\" alt=\"Julian Meier\" loading=\"lazy\"><\/a><\/div><div class=\"person-content\"><a href=\"https:\/\/sp-ps-biel-bienne.ch\/fr\/person\/julian-meier\/\" class=\"person-name\"><p><strong>Julian Meier<\/strong><\/p><\/a><p class=\"person-position\">copr\u00e9sident, Conseil de la ville PS<\/p><\/div><\/div><\/div><\/div><\/div><\/div><\/div>\t\t\t\t<\/div>\n\t\t\t\t<\/div>\n\t\t\t\t\t<\/div>\n\t\t<\/div>\n\t\t\t\t\t<\/div>\n\t\t<\/section>\n\t\t\t\t<section class=\"elementor-section elementor-top-section elementor-element elementor-element-851e221 elementor-section-boxed elementor-section-height-default elementor-section-height-default\" data-id=\"851e221\" data-element_type=\"section\" data-settings=\"{&quot;jet_parallax_layout_list&quot;:[]}\">\n\t\t\t\t\t\t<div class=\"elementor-container elementor-column-gap-default\">\n\t\t\t\t\t<div class=\"elementor-column elementor-col-100 elementor-top-column elementor-element elementor-element-05b9660\" data-id=\"05b9660\" data-element_type=\"column\">\n\t\t\t<div class=\"elementor-widget-wrap elementor-element-populated\">\n\t\t\t\t\t\t<div class=\"elementor-element elementor-element-1aa9764 elementor-widget elementor-widget-spps_person_grid\" data-id=\"1aa9764\" data-element_type=\"widget\" data-widget_type=\"spps_person_grid.default\">\n\t\t\t\t<div class=\"elementor-widget-container\">\n\t\t\t\t\t<div class=\"button-list-wrapper \"><div class=\"button-list-title\"><h3>Membres du comit\u00e9 directeur<\/h3><\/div><div class=\"button-list-container\"><div class=\"persons persons-grid-2\"><div class=\"persons-items\"><div class=\"persons-item\"><div class=\"person-container\"><div class=\"person-portrait\"><a href=\"https:\/\/sp-ps-biel-bienne.ch\/fr\/person\/matilda-leonarz\/\"><img decoding=\"async\" src=\"https:\/\/sp-ps-biel-bienne.ch\/wp-content\/uploads\/sites\/45\/2026\/03\/Matilda-600x600.png?v=1773749639\" alt=\"Matilda Leonarz\" loading=\"lazy\"><\/a><\/div><div class=\"person-content\"><a href=\"https:\/\/sp-ps-biel-bienne.ch\/fr\/person\/matilda-leonarz\/\" class=\"person-name\"><p><strong>Matilda Leonarz<\/strong><\/p><\/a><p class=\"person-position\">Conseill\u00e8re de ville PS<\/p><\/div><\/div><\/div><div class=\"persons-item\"><div class=\"person-container\"><div class=\"person-portrait\"><a href=\"https:\/\/sp-ps-biel-bienne.ch\/fr\/person\/christoph-loertscher\/\"><img decoding=\"async\" src=\"https:\/\/sp-ps-biel-bienne.ch\/wp-content\/uploads\/sites\/45\/2024\/07\/christoph-loertscher-1-600x600.png?v=1721292420\" alt=\"Christoph L\u00f6rtscher\" loading=\"lazy\"><\/a><\/div><div class=\"person-content\"><a href=\"https:\/\/sp-ps-biel-bienne.ch\/fr\/person\/christoph-loertscher\/\" class=\"person-name\"><p><strong>Christoph L\u00f6rtscher<\/strong><\/p><\/a><p class=\"person-position\">Section Madretsch<\/p><\/div><\/div><\/div><div class=\"persons-item\"><div class=\"person-container\"><div class=\"person-portrait\"><a href=\"https:\/\/sp-ps-biel-bienne.ch\/fr\/person\/js\/\"><img decoding=\"async\" src=\"https:\/\/sp-ps-biel-bienne.ch\/wp-content\/uploads\/sites\/45\/2024\/08\/x84E16CAE-C04A-44D3-9C30-C96421DAA543_1_201_a_Ft3o5RY-aa5b06b05154.jpeg.pagespeed.ic_.mUEQ9kVwNy-600x600.jpeg?v=1723722240\" alt=\"Jonas Mauduit\" loading=\"lazy\"><\/a><\/div><div class=\"person-content\"><a href=\"https:\/\/sp-ps-biel-bienne.ch\/fr\/person\/js\/\" class=\"person-name\"><p><strong>Jonas Mauduit<\/strong><\/p><\/a><p class=\"person-position\">JS<\/p><\/div><\/div><\/div><div class=\"persons-item\"><div class=\"person-container\"><div class=\"person-portrait\"><a href=\"https:\/\/sp-ps-biel-bienne.ch\/fr\/person\/marie-moeschler-gl\/\"><img decoding=\"async\" src=\"https:\/\/sp-ps-biel-bienne.ch\/wp-content\/uploads\/sites\/45\/2026\/03\/Marie-600x600.png?v=1773772378\" alt=\"Marie Moeschler\" loading=\"lazy\"><\/a><\/div><div class=\"person-content\"><a href=\"https:\/\/sp-ps-biel-bienne.ch\/fr\/person\/marie-moeschler-gl\/\" class=\"person-name\"><p><strong>Marie Moeschler<\/strong><\/p><\/a><p class=\"person-position\">Section PSR, Co-Pr\u00e9sidente du groupe parlementaire PSR, D\u00e9put\u00e9e au Grand Conseil<\/p><\/div><\/div><\/div><div class=\"persons-item\"><div class=\"person-container\"><div class=\"person-portrait\"><a href=\"https:\/\/sp-ps-biel-bienne.ch\/fr\/person\/julian-rodriguez-ugolini\/\"><img decoding=\"async\" src=\"https:\/\/sp-ps-biel-bienne.ch\/wp-content\/uploads\/sites\/45\/2026\/03\/Chuli-600x600.png?v=1773750098\" alt=\"Juli\u00e1n Rodriguez Ugolini\" loading=\"lazy\"><\/a><\/div><div class=\"person-content\"><a href=\"https:\/\/sp-ps-biel-bienne.ch\/fr\/person\/julian-rodriguez-ugolini\/\" class=\"person-name\"><p><strong>Juli\u00e1n Rodriguez Ugolini<\/strong><\/p><\/a><p class=\"person-position\">Conseiller de ville SP<\/p><\/div><\/div><\/div><div class=\"persons-item\"><div class=\"person-container\"><div class=\"person-portrait\"><a href=\"https:\/\/sp-ps-biel-bienne.ch\/fr\/person\/michael-steiner\/\"><img decoding=\"async\" src=\"https:\/\/sp-ps-biel-bienne.ch\/wp-content\/uploads\/sites\/45\/2026\/03\/Michael-600x600.png?v=1773772534\" alt=\"Micha\u00ebl Steiner\" loading=\"lazy\"><\/a><\/div><div class=\"person-content\"><a href=\"https:\/\/sp-ps-biel-bienne.ch\/fr\/person\/michael-steiner\/\" class=\"person-name\"><p><strong>Micha\u00ebl Steiner<\/strong><\/p><\/a><p class=\"person-position\">S\u00e9ction PSR<\/p><\/div><\/div><\/div><\/div><\/div><\/div><\/div>\t\t\t\t<\/div>\n\t\t\t\t<\/div>\n\t\t\t\t<div class=\"elementor-element elementor-element-94e7834 elementor-widget elementor-widget-spps_person_grid\" data-id=\"94e7834\" data-element_type=\"widget\" data-widget_type=\"spps_person_grid.default\">\n\t\t\t\t<div class=\"elementor-widget-container\">\n\t\t\t\t\t<div class=\"button-list-wrapper \"><div class=\"button-list-title\"><h3>Membres du comit\u00e9 directeur sans droit de vote<\/h3><\/div><div class=\"button-list-container\"><div class=\"persons persons-grid-2\"><div class=\"persons-items\"><div class=\"persons-item\"><div class=\"person-container\"><div class=\"person-portrait\"><a href=\"https:\/\/sp-ps-biel-bienne.ch\/fr\/person\/susanne-clauss-2\/\"><img decoding=\"async\" src=\"https:\/\/sp-ps-biel-bienne.ch\/wp-content\/uploads\/sites\/45\/2026\/03\/Susanne-600x600.png?v=1773749189\" alt=\"Susanne Clauss\" loading=\"lazy\"><\/a><\/div><div class=\"person-content\"><a href=\"https:\/\/sp-ps-biel-bienne.ch\/fr\/person\/susanne-clauss-2\/\" class=\"person-name\"><p><strong>Susanne Clauss<\/strong><\/p><\/a><p class=\"person-position\">Conseill\u00e8re de ville, D\u00e9put\u00e9e au Grand Conseil, Biel Stadt Ost <\/p><\/div><\/div><\/div><div class=\"persons-item\"><div class=\"person-container\"><div class=\"person-portrait\"><a href=\"https:\/\/sp-ps-biel-bienne.ch\/fr\/person\/samantha-dunning-thierstein\/\"><img decoding=\"async\" src=\"https:\/\/sp-ps-biel-bienne.ch\/wp-content\/uploads\/sites\/45\/2026\/03\/Samantha-600x600.png?v=1773772171\" alt=\"Samantha Dunning Thierstein\" loading=\"lazy\"><\/a><\/div><div class=\"person-content\"><a href=\"https:\/\/sp-ps-biel-bienne.ch\/fr\/person\/samantha-dunning-thierstein\/\" class=\"person-name\"><p><strong>Samantha Dunning Thierstein<\/strong><\/p><\/a><p class=\"person-position\">D\u00e9put\u00e9e au Grand Conseil, PSR<\/p><\/div><\/div><\/div><div class=\"persons-item\"><div class=\"person-container\"><div class=\"person-portrait\"><a href=\"https:\/\/sp-ps-biel-bienne.ch\/fr\/person\/glenda-gonzalez-bassi\/\"><img decoding=\"async\" src=\"https:\/\/sp-ps-biel-bienne.ch\/wp-content\/uploads\/sites\/45\/2024\/03\/glenda_gonzalez_bassi-960x960-1-600x600.jpg?v=1711449225\" alt=\"Glenda Gonzalez Bassi\" loading=\"lazy\"><\/a><\/div><div class=\"person-content\"><a href=\"https:\/\/sp-ps-biel-bienne.ch\/fr\/person\/glenda-gonzalez-bassi\/\" class=\"person-name\"><p><strong>Glenda Gonzalez Bassi<\/strong><\/p><\/a><p class=\"person-position\">Maire et conseill\u00e8re municipal<\/p><\/div><\/div><\/div><div class=\"persons-item\"><div class=\"person-container\"><div class=\"person-portrait\"><a href=\"https:\/\/sp-ps-biel-bienne.ch\/fr\/person\/florian-hebeisen\/\"><img decoding=\"async\" src=\"https:\/\/sp-ps-biel-bienne.ch\/wp-content\/uploads\/sites\/45\/2025\/01\/Avatar-SP-Website-600x600.png?v=1738017433\" alt=\"Florian Hebeisen\" loading=\"lazy\"><\/a><\/div><div class=\"person-content\"><a href=\"https:\/\/sp-ps-biel-bienne.ch\/fr\/person\/florian-hebeisen\/\" class=\"person-name\"><p><strong>Florian Hebeisen<\/strong><\/p><\/a><p class=\"person-position\">Secr\u00e9taire du parti<\/p><ul class=\"person-kontakt list-pills list-pills-grey\"><li><a href=\"tel:+41772026006\">+41 77 202 60 06<\/a><\/li><li><a href=\"mailto:info@sp-ps-biel-bienne.ch\">E-Mail<\/a><\/li><\/ul><\/div><\/div><\/div><div class=\"persons-item\"><div class=\"person-container\"><div class=\"person-portrait\"><a href=\"https:\/\/sp-ps-biel-bienne.ch\/fr\/person\/levin-koller\/\"><img decoding=\"async\" src=\"https:\/\/sp-ps-biel-bienne.ch\/wp-content\/uploads\/sites\/45\/2026\/03\/Levin-600x600.png?v=1773749993\" alt=\"Levin Koller\" loading=\"lazy\"><\/a><\/div><div class=\"person-content\"><a href=\"https:\/\/sp-ps-biel-bienne.ch\/fr\/person\/levin-koller\/\" class=\"person-name\"><p><strong>Levin Koller<\/strong><\/p><\/a><p class=\"person-position\">Copr\u00e9sident du groupe parlementaire PS<\/p><\/div><\/div><\/div><div class=\"persons-item\"><div class=\"person-container\"><div class=\"person-portrait\"><a href=\"https:\/\/sp-ps-biel-bienne.ch\/fr\/person\/siri-ryser-2\/\"><img decoding=\"async\" src=\"https:\/\/sp-ps-biel-bienne.ch\/wp-content\/uploads\/sites\/45\/2026\/03\/Siri-600x600.png?v=1773749331\" alt=\"Siri Ryser\" loading=\"lazy\"><\/a><\/div><div class=\"person-content\"><a href=\"https:\/\/sp-ps-biel-bienne.ch\/fr\/person\/siri-ryser-2\/\" class=\"person-name\"><p><strong>Siri Ryser<\/strong><\/p><\/a><p class=\"person-position\">Copr\u00e9sidente du groupe parlementaire PS<\/p><\/div><\/div><\/div><div class=\"persons-item\"><div class=\"person-container\"><div class=\"person-portrait\"><a href=\"https:\/\/sp-ps-biel-bienne.ch\/fr\/person\/karim-said\/\"><img decoding=\"async\" src=\"https:\/\/sp-ps-biel-bienne.ch\/wp-content\/uploads\/sites\/45\/2026\/03\/Karim-600x600.png?v=1773772261\" alt=\"Karim Sa\u00efd\" loading=\"lazy\"><\/a><\/div><div class=\"person-content\"><a href=\"https:\/\/sp-ps-biel-bienne.ch\/fr\/person\/karim-said\/\" class=\"person-name\"><p><strong>Karim Sa\u00efd<\/strong><\/p><\/a><p class=\"person-position\">D\u00e9put\u00e9 au Grand Conseil PSR<\/p><\/div><\/div><\/div><div class=\"persons-item\"><div class=\"person-container\"><div class=\"person-portrait\"><a href=\"https:\/\/sp-ps-biel-bienne.ch\/fr\/person\/joseline-stolz-marti\/\"><img decoding=\"async\" src=\"https:\/\/sp-ps-biel-bienne.ch\/wp-content\/uploads\/sites\/45\/2026\/03\/Josy-600x600.png?v=1773774192\" alt=\"Joseline Stolz Marti\" loading=\"lazy\"><\/a><\/div><div class=\"person-content\"><a href=\"https:\/\/sp-ps-biel-bienne.ch\/fr\/person\/joseline-stolz-marti\/\" class=\"person-name\"><p><strong>Joseline Stolz Marti<\/strong><\/p><\/a><p class=\"person-position\">Co-Pr\u00e9sidente groupe parlementaire PSR<\/p><\/div><\/div><\/div><div class=\"persons-item\"><div class=\"person-container\"><div class=\"person-portrait\"><a href=\"https:\/\/sp-ps-biel-bienne.ch\/fr\/person\/anna-tanner\/\"><img decoding=\"async\" src=\"https:\/\/sp-ps-biel-bienne.ch\/wp-content\/uploads\/sites\/45\/2024\/07\/anna-tanner-600x600.png?v=1721292158\" alt=\"Anna Tanner\" loading=\"lazy\"><\/a><\/div><div class=\"person-content\"><a href=\"https:\/\/sp-ps-biel-bienne.ch\/fr\/person\/anna-tanner\/\" class=\"person-name\"><p><strong>Anna Tanner<\/strong><\/p><\/a><p class=\"person-position\">Conseill\u00e8re municipale, Directrice de la formation, de la culture et du sport<\/p><\/div><\/div><\/div><\/div><\/div><\/div><\/div>\t\t\t\t<\/div>\n\t\t\t\t<\/div>\n\t\t\t\t\t<\/div>\n\t\t<\/div>\n\t\t\t\t\t<\/div>\n\t\t<\/section>\n\t\t\t\t<\/div>\n\t\t","protected":false},"excerpt":{"rendered":"<p>Comit\u00e9 directeur La direction est responsable de la gestion strat\u00e9gique de l&#8217;ensemble du parti. Elle d\u00e9cide des directives politiques et des campagnes de votation et d&#8217;\u00e9lection. Susanne Clauss Co-Pr\u00e4sidentin (Sektion [&hellip;]<\/p>\n","protected":false},"author":5,"featured_media":0,"parent":0,"menu_order":0,"comment_status":"closed","ping_status":"closed","template":"","meta":{"footnotes":""},"class_list":["post-86953","page","type-page","status-publish","hentry"],"_links":{"self":[{"href":"https:\/\/sp-ps-biel-bienne.ch\/fr\/wp-json\/wp\/v2\/pages\/86953","targetHints":{"allow":["GET"]}}],"collection":[{"href":"https:\/\/sp-ps-biel-bienne.ch\/fr\/wp-json\/wp\/v2\/pages"}],"about":[{"href":"https:\/\/sp-ps-biel-bienne.ch\/fr\/wp-json\/wp\/v2\/types\/page"}],"author":[{"embeddable":true,"href":"https:\/\/sp-ps-biel-bienne.ch\/fr\/wp-json\/wp\/v2\/users\/5"}],"replies":[{"embeddable":true,"href":"https:\/\/sp-ps-biel-bienne.ch\/fr\/wp-json\/wp\/v2\/comments?post=86953"}],"version-history":[{"count":2,"href":"https:\/\/sp-ps-biel-bienne.ch\/fr\/wp-json\/wp\/v2\/pages\/86953\/revisions"}],"predecessor-version":[{"id":89574,"href":"https:\/\/sp-ps-biel-bienne.ch\/fr\/wp-json\/wp\/v2\/pages\/86953\/revisions\/89574"}],"wp:attachment":[{"href":"https:\/\/sp-ps-biel-bienne.ch\/fr\/wp-json\/wp\/v2\/media?parent=86953"}],"curies":[{"name":"wp","href":"https:\/\/api.w.org\/{rel}","templated":true}]}}