{"id":86949,"date":"2023-05-31T15:46:40","date_gmt":"2023-05-31T13:46:40","guid":{"rendered":"https:\/\/spbe.spschweiz.ch\/personnes\/conseil-national\/"},"modified":"2024-08-15T15:10:14","modified_gmt":"2024-08-15T13:10:14","slug":"elu-e-s","status":"publish","type":"page","link":"https:\/\/sp-ps-biel-bienne.ch\/fr\/elu-e-s\/","title":{"rendered":"\u00c9lu-e-s"},"content":{"rendered":"\t\t<div data-elementor-type=\"wp-page\" data-elementor-id=\"86949\" class=\"elementor elementor-86949 elementor-84156\" data-elementor-post-type=\"page\">\n\t\t\t\t\t\t<section class=\"elementor-section elementor-top-section elementor-element elementor-element-157fedb elementor-section-boxed elementor-section-height-default elementor-section-height-default\" data-id=\"157fedb\" data-element_type=\"section\" data-settings=\"{&quot;jet_parallax_layout_list&quot;:[],&quot;background_background&quot;:&quot;classic&quot;}\">\n\t\t\t\t\t\t<div class=\"elementor-container elementor-column-gap-wide\">\n\t\t\t\t\t<div class=\"elementor-column elementor-col-100 elementor-top-column elementor-element elementor-element-8bba0f7\" data-id=\"8bba0f7\" data-element_type=\"column\">\n\t\t\t<div class=\"elementor-widget-wrap elementor-element-populated\">\n\t\t\t\t\t\t<div class=\"elementor-element elementor-element-d230d29 elementor-widget elementor-widget-heading\" data-id=\"d230d29\" data-element_type=\"widget\" data-widget_type=\"heading.default\">\n\t\t\t\t<div class=\"elementor-widget-container\">\n\t\t\t\t\t<h1 class=\"elementor-heading-title elementor-size-default\">\u00c9lu-e-s<\/h1>\t\t\t\t<\/div>\n\t\t\t\t<\/div>\n\t\t\n\t\t<div class=\"elementor-element elementor-element-aaf0674 elementor-widget__width-initial elementor-widget elementor-widget-text-editor\" data-id=\"aaf0674\" data-element_type=\"widget\" data-widget_type=\"text-editor.default\">\n\t\t\t\t<div class=\"elementor-widget-container\">\n\t\t\t\t\t\t\t\t\t<p>Le PS biennois est repr\u00e9sent\u00e9 \u00e0 plusieurs niveaux. Au niveau national, il s&#8217;agit du Conseil national, au niveau cantonal du Grand Conseil et au niveau communal du Conseil municipal et du Conseil de ville.<\/p>\n\t\t\t\t\t\t\t\t<\/div>\n\t\t\t\t<\/div>\n\t\t\t\t\t<\/div>\n\t\t<\/div>\n\t\t\t\t\t<\/div>\n\t\t<\/section>\n\t\t\t\t<section class=\"elementor-section elementor-top-section elementor-element elementor-element-b04fb41 elementor-section-boxed elementor-section-height-default elementor-section-height-default\" data-id=\"b04fb41\" data-element_type=\"section\" data-settings=\"{&quot;jet_parallax_layout_list&quot;:[]}\">\n\t\t\t\t\t\t<div class=\"elementor-container elementor-column-gap-default\">\n\t\t\t\t\t<div class=\"elementor-column elementor-col-100 elementor-top-column elementor-element elementor-element-42484dc\" data-id=\"42484dc\" data-element_type=\"column\">\n\t\t\t<div class=\"elementor-widget-wrap elementor-element-populated\">\n\t\t\t\t\t\t<div class=\"elementor-element elementor-element-15f9854 elementor-widget elementor-widget-spps_person_grid\" data-id=\"15f9854\" data-element_type=\"widget\" data-widget_type=\"spps_person_grid.default\">\n\t\t\t\t<div class=\"elementor-widget-container\">\n\t\t\t\t\t<div class=\"button-list-wrapper wrapper-spacing-small\"><div class=\"button-list-title\"><h3>Conseil National<\/h3><\/div><div class=\"button-list-container\"><div class=\"persons persons-grid-2\"><div class=\"persons-items\"><div class=\"persons-item\"><div class=\"person-container\"><div class=\"person-portrait\"><a href=\"https:\/\/sp-ps-biel-bienne.ch\/fr\/person\/andrea-zryd\/\"><img decoding=\"async\" src=\"https:\/\/sp-ps-biel-bienne.ch\/wp-content\/uploads\/sites\/45\/2024\/03\/Zyrd-Andrea_2022_web-600x600.jpg?v=1711450151\" alt=\"Andrea Zryd\" loading=\"lazy\"><\/a><\/div><div class=\"person-content\"><a href=\"https:\/\/sp-ps-biel-bienne.ch\/fr\/person\/andrea-zryd\/\" class=\"person-name\"><p><strong>Andrea Zryd<\/strong><\/p><\/a><p class=\"person-position\">Conseill\u00e8re nationale, section Biel-Stadt\/Ost<\/p><\/div><\/div><\/div><\/div><\/div><\/div><\/div>\t\t\t\t<\/div>\n\t\t\t\t<\/div>\n\t\t\t\t<div class=\"elementor-element elementor-element-9550ac1 elementor-widget elementor-widget-spps_person_grid\" data-id=\"9550ac1\" data-element_type=\"widget\" data-widget_type=\"spps_person_grid.default\">\n\t\t\t\t<div class=\"elementor-widget-container\">\n\t\t\t\t\t<div class=\"button-list-wrapper wrapper-spacing-small\"><div class=\"button-list-title\"><h3>Grand Conseil<\/h3><\/div><div class=\"button-list-container\"><div class=\"persons persons-grid-2\"><div class=\"persons-items\"><div class=\"persons-item\"><div class=\"person-container\"><div class=\"person-portrait\"><a href=\"https:\/\/sp-ps-biel-bienne.ch\/fr\/person\/susanne-clauss-2\/\"><img decoding=\"async\" src=\"https:\/\/sp-ps-biel-bienne.ch\/wp-content\/uploads\/sites\/45\/2026\/03\/Susanne-600x600.png?v=1773749189\" alt=\"Susanne Clauss\" loading=\"lazy\"><\/a><\/div><div class=\"person-content\"><a href=\"https:\/\/sp-ps-biel-bienne.ch\/fr\/person\/susanne-clauss-2\/\" class=\"person-name\"><p><strong>Susanne Clauss<\/strong><\/p><\/a><p class=\"person-position\">Conseill\u00e8re de ville, D\u00e9put\u00e9e au Grand Conseil, Biel Stadt Ost <\/p><\/div><\/div><\/div><div class=\"persons-item\"><div class=\"person-container\"><div class=\"person-portrait\"><a href=\"https:\/\/sp-ps-biel-bienne.ch\/fr\/person\/samantha-dunning-thierstein\/\"><img decoding=\"async\" src=\"https:\/\/sp-ps-biel-bienne.ch\/wp-content\/uploads\/sites\/45\/2026\/03\/Samantha-600x600.png?v=1773772171\" alt=\"Samantha Dunning Thierstein\" loading=\"lazy\"><\/a><\/div><div class=\"person-content\"><a href=\"https:\/\/sp-ps-biel-bienne.ch\/fr\/person\/samantha-dunning-thierstein\/\" class=\"person-name\"><p><strong>Samantha Dunning Thierstein<\/strong><\/p><\/a><p class=\"person-position\">D\u00e9put\u00e9e au Grand Conseil, PSR<\/p><\/div><\/div><\/div><div class=\"persons-item\"><div class=\"person-container\"><div class=\"person-portrait\"><a href=\"https:\/\/sp-ps-biel-bienne.ch\/fr\/person\/marie-moeschler-gl\/\"><img decoding=\"async\" src=\"https:\/\/sp-ps-biel-bienne.ch\/wp-content\/uploads\/sites\/45\/2026\/03\/Marie-600x600.png?v=1773772378\" alt=\"Marie Moeschler\" loading=\"lazy\"><\/a><\/div><div class=\"person-content\"><a href=\"https:\/\/sp-ps-biel-bienne.ch\/fr\/person\/marie-moeschler-gl\/\" class=\"person-name\"><p><strong>Marie Moeschler<\/strong><\/p><\/a><p class=\"person-position\">Section PSR, Co-Pr\u00e9sidente du groupe parlementaire PSR, D\u00e9put\u00e9e au Grand Conseil<\/p><\/div><\/div><\/div><div class=\"persons-item\"><div class=\"person-container\"><div class=\"person-portrait\"><a href=\"https:\/\/sp-ps-biel-bienne.ch\/fr\/person\/karim-said\/\"><img decoding=\"async\" src=\"https:\/\/sp-ps-biel-bienne.ch\/wp-content\/uploads\/sites\/45\/2026\/03\/Karim-600x600.png?v=1773772261\" alt=\"Karim Sa\u00efd\" loading=\"lazy\"><\/a><\/div><div class=\"person-content\"><a href=\"https:\/\/sp-ps-biel-bienne.ch\/fr\/person\/karim-said\/\" class=\"person-name\"><p><strong>Karim Sa\u00efd<\/strong><\/p><\/a><p class=\"person-position\">D\u00e9put\u00e9 au Grand Conseil PSR<\/p><\/div><\/div><\/div><\/div><\/div><\/div><\/div>\t\t\t\t<\/div>\n\t\t\t\t<\/div>\n\t\t\t\t<div class=\"elementor-element elementor-element-efa4405 elementor-widget elementor-widget-spps_person_grid\" data-id=\"efa4405\" data-element_type=\"widget\" data-widget_type=\"spps_person_grid.default\">\n\t\t\t\t<div class=\"elementor-widget-container\">\n\t\t\t\t\t<div class=\"button-list-wrapper wrapper-spacing-small\"><div class=\"button-list-title\"><h3>Conseil Municipal<\/h3><\/div><div class=\"button-list-container\"><div class=\"persons persons-grid-2\"><div class=\"persons-items\"><div class=\"persons-item\"><div class=\"person-container\"><div class=\"person-portrait\"><a href=\"https:\/\/sp-ps-biel-bienne.ch\/fr\/person\/glenda-gonzalez-bassi\/\"><img decoding=\"async\" src=\"https:\/\/sp-ps-biel-bienne.ch\/wp-content\/uploads\/sites\/45\/2024\/03\/glenda_gonzalez_bassi-960x960-1-600x600.jpg?v=1711449225\" alt=\"Glenda Gonzalez Bassi\" loading=\"lazy\"><\/a><\/div><div class=\"person-content\"><a href=\"https:\/\/sp-ps-biel-bienne.ch\/fr\/person\/glenda-gonzalez-bassi\/\" class=\"person-name\"><p><strong>Glenda Gonzalez Bassi<\/strong><\/p><\/a><p class=\"person-position\">Maire et conseill\u00e8re municipal<\/p><\/div><\/div><\/div><div class=\"persons-item\"><div class=\"person-container\"><div class=\"person-portrait\"><a href=\"https:\/\/sp-ps-biel-bienne.ch\/fr\/person\/anna-tanner\/\"><img decoding=\"async\" src=\"https:\/\/sp-ps-biel-bienne.ch\/wp-content\/uploads\/sites\/45\/2024\/07\/anna-tanner-600x600.png?v=1721292158\" alt=\"Anna Tanner\" loading=\"lazy\"><\/a><\/div><div class=\"person-content\"><a href=\"https:\/\/sp-ps-biel-bienne.ch\/fr\/person\/anna-tanner\/\" class=\"person-name\"><p><strong>Anna Tanner<\/strong><\/p><\/a><p class=\"person-position\">Conseill\u00e8re municipale, Directrice de la formation, de la culture et du sport<\/p><\/div><\/div><\/div><\/div><\/div><\/div><\/div>\t\t\t\t<\/div>\n\t\t\t\t<\/div>\n\t\t\t\t<div class=\"elementor-element elementor-element-a34119c elementor-widget elementor-widget-spps_person_grid\" data-id=\"a34119c\" data-element_type=\"widget\" data-widget_type=\"spps_person_grid.default\">\n\t\t\t\t<div class=\"elementor-widget-container\">\n\t\t\t\t\t<div class=\"button-list-wrapper wrapper-spacing-small\"><div class=\"button-list-title\"><h3>Conseil de la ville<\/h3><\/div><div class=\"button-list-container\"><div class=\"persons persons-grid-2\"><div class=\"persons-items\"><div class=\"persons-item\"><div class=\"person-container\"><div class=\"person-portrait\"><a href=\"https:\/\/sp-ps-biel-bienne.ch\/fr\/person\/kady-boly\/\"><img decoding=\"async\" src=\"https:\/\/sp-ps-biel-bienne.ch\/wp-content\/uploads\/sites\/45\/2024\/07\/kady-boly-600x600.png?v=1721292480\" alt=\"Kady Boly\" loading=\"lazy\"><\/a><\/div><div class=\"person-content\"><a href=\"https:\/\/sp-ps-biel-bienne.ch\/fr\/person\/kady-boly\/\" class=\"person-name\"><p><strong>Kady Boly<\/strong><\/p><\/a><p class=\"person-position\">vice-pr\u00e9sidente du conseil de ville PSR<\/p><\/div><\/div><\/div><div class=\"persons-item\"><div class=\"person-container\"><div class=\"person-portrait\"><a href=\"https:\/\/sp-ps-biel-bienne.ch\/fr\/person\/juliet-bucher\/\"><img decoding=\"async\" src=\"https:\/\/sp-ps-biel-bienne.ch\/wp-content\/uploads\/sites\/45\/2024\/07\/juliet-bucher-600x600.png?v=1721292474\" alt=\"Juliet Bucher\" loading=\"lazy\"><\/a><\/div><div class=\"person-content\"><a href=\"https:\/\/sp-ps-biel-bienne.ch\/fr\/person\/juliet-bucher\/\" class=\"person-name\"><p><strong>Juliet Bucher<\/strong><\/p><\/a><p class=\"person-position\">Conseill\u00e8re de ville SP<\/p><\/div><\/div><\/div><div class=\"persons-item\"><div class=\"person-container\"><div class=\"person-portrait\"><a href=\"https:\/\/sp-ps-biel-bienne.ch\/fr\/person\/rahel-burri\/\"><img decoding=\"async\" src=\"https:\/\/sp-ps-biel-bienne.ch\/wp-content\/uploads\/sites\/45\/2026\/03\/Rahel-600x600.png?v=1773749549\" alt=\"Rahel Burri\" loading=\"lazy\"><\/a><\/div><div class=\"person-content\"><a href=\"https:\/\/sp-ps-biel-bienne.ch\/fr\/person\/rahel-burri\/\" class=\"person-name\"><p><strong>Rahel Burri<\/strong><\/p><\/a><p class=\"person-position\">Conseill\u00e8re de ville PS<\/p><\/div><\/div><\/div><div class=\"persons-item\"><div class=\"person-container\"><div class=\"person-portrait\"><a href=\"https:\/\/sp-ps-biel-bienne.ch\/fr\/person\/anna-louise-cacciabue\/\"><img decoding=\"async\" src=\"https:\/\/sp-ps-biel-bienne.ch\/wp-content\/uploads\/sites\/45\/2024\/03\/Anna-Louise-Cacciabue-600x600.png?v=1724347403\" alt=\"Anna Louise Cacciabue\" loading=\"lazy\"><\/a><\/div><div class=\"person-content\"><a href=\"https:\/\/sp-ps-biel-bienne.ch\/fr\/person\/anna-louise-cacciabue\/\" class=\"person-name\"><p><strong>Anna Louise Cacciabue<\/strong><\/p><\/a><p class=\"person-position\">Conseill\u00e8re de ville JUSO<\/p><\/div><\/div><\/div><div class=\"persons-item\"><div class=\"person-container\"><div class=\"person-portrait\"><a href=\"https:\/\/sp-ps-biel-bienne.ch\/fr\/person\/rachel-comment\/\"><img decoding=\"async\" src=\"https:\/\/sp-ps-biel-bienne.ch\/wp-content\/uploads\/sites\/45\/2026\/03\/Rachel-600x600.png?v=1773773778\" alt=\"Rachel Comment\" loading=\"lazy\"><\/a><\/div><div class=\"person-content\"><a href=\"https:\/\/sp-ps-biel-bienne.ch\/fr\/person\/rachel-comment\/\" class=\"person-name\"><p><strong>Rachel Comment<\/strong><\/p><\/a><p class=\"person-position\">Conseill\u00e8re de ville PSR<\/p><\/div><\/div><\/div><div class=\"persons-item\"><div class=\"person-container\"><div class=\"person-portrait\"><a href=\"https:\/\/sp-ps-biel-bienne.ch\/fr\/person\/lorenz-fritschi\/\"><img decoding=\"async\" src=\"https:\/\/sp-ps-biel-bienne.ch\/wp-content\/uploads\/sites\/45\/2026\/03\/Lorenz-600x600.png?v=1773750350\" alt=\"Lorenz Fritschi\" loading=\"lazy\"><\/a><\/div><div class=\"person-content\"><a href=\"https:\/\/sp-ps-biel-bienne.ch\/fr\/person\/lorenz-fritschi\/\" class=\"person-name\"><p><strong>Lorenz Fritschi<\/strong><\/p><\/a><p class=\"person-position\">Conseiller de ville SP<\/p><\/div><\/div><\/div><div class=\"persons-item\"><div class=\"person-container\"><div class=\"person-portrait\"><a href=\"https:\/\/sp-ps-biel-bienne.ch\/fr\/person\/ruth-kilezi\/\"><img decoding=\"async\" src=\"https:\/\/sp-ps-biel-bienne.ch\/wp-content\/uploads\/sites\/45\/2024\/07\/ruth-kilezi-1-600x600.png?v=1721292305\" alt=\"Ruth Kilezi\" loading=\"lazy\"><\/a><\/div><div class=\"person-content\"><a href=\"https:\/\/sp-ps-biel-bienne.ch\/fr\/person\/ruth-kilezi\/\" class=\"person-name\"><p><strong>Ruth Kilezi<\/strong><\/p><\/a><p class=\"person-position\">Conseill\u00e8re de ville PSR <\/p><\/div><\/div><\/div><div class=\"persons-item\"><div class=\"person-container\"><div class=\"person-portrait\"><a href=\"https:\/\/sp-ps-biel-bienne.ch\/fr\/person\/levin-koller\/\"><img decoding=\"async\" src=\"https:\/\/sp-ps-biel-bienne.ch\/wp-content\/uploads\/sites\/45\/2026\/03\/Levin-600x600.png?v=1773749993\" alt=\"Levin Koller\" loading=\"lazy\"><\/a><\/div><div class=\"person-content\"><a href=\"https:\/\/sp-ps-biel-bienne.ch\/fr\/person\/levin-koller\/\" class=\"person-name\"><p><strong>Levin Koller<\/strong><\/p><\/a><p class=\"person-position\">Copr\u00e9sident du groupe parlementaire PS<\/p><\/div><\/div><\/div><div class=\"persons-item\"><div class=\"person-container\"><div class=\"person-portrait\"><a href=\"https:\/\/sp-ps-biel-bienne.ch\/fr\/person\/matilda-leonarz\/\"><img decoding=\"async\" src=\"https:\/\/sp-ps-biel-bienne.ch\/wp-content\/uploads\/sites\/45\/2026\/03\/Matilda-600x600.png?v=1773749639\" alt=\"Matilda Leonarz\" loading=\"lazy\"><\/a><\/div><div class=\"person-content\"><a href=\"https:\/\/sp-ps-biel-bienne.ch\/fr\/person\/matilda-leonarz\/\" class=\"person-name\"><p><strong>Matilda Leonarz<\/strong><\/p><\/a><p class=\"person-position\">Conseill\u00e8re de ville PS<\/p><\/div><\/div><\/div><div class=\"persons-item\"><div class=\"person-container\"><div class=\"person-portrait\"><a href=\"https:\/\/sp-ps-biel-bienne.ch\/fr\/person\/julian-meier\/\"><img decoding=\"async\" src=\"https:\/\/sp-ps-biel-bienne.ch\/wp-content\/uploads\/sites\/45\/2026\/03\/Julian-600x600.png?v=1773750526\" alt=\"Julian Meier\" loading=\"lazy\"><\/a><\/div><div class=\"person-content\"><a href=\"https:\/\/sp-ps-biel-bienne.ch\/fr\/person\/julian-meier\/\" class=\"person-name\"><p><strong>Julian Meier<\/strong><\/p><\/a><p class=\"person-position\">copr\u00e9sident, Conseil de la ville PS<\/p><\/div><\/div><\/div><div class=\"persons-item\"><div class=\"person-container\"><div class=\"person-portrait\"><a href=\"https:\/\/sp-ps-biel-bienne.ch\/fr\/person\/marie-moeschler-gl\/\"><img decoding=\"async\" src=\"https:\/\/sp-ps-biel-bienne.ch\/wp-content\/uploads\/sites\/45\/2026\/03\/Marie-600x600.png?v=1773772378\" alt=\"Marie Moeschler\" loading=\"lazy\"><\/a><\/div><div class=\"person-content\"><a href=\"https:\/\/sp-ps-biel-bienne.ch\/fr\/person\/marie-moeschler-gl\/\" class=\"person-name\"><p><strong>Marie Moeschler<\/strong><\/p><\/a><p class=\"person-position\">Section PSR, Co-Pr\u00e9sidente du groupe parlementaire PSR, D\u00e9put\u00e9e au Grand Conseil<\/p><\/div><\/div><\/div><div class=\"persons-item\"><div class=\"person-container\"><div class=\"person-portrait\"><a href=\"https:\/\/sp-ps-biel-bienne.ch\/fr\/person\/julian-rodriguez-ugolini\/\"><img decoding=\"async\" src=\"https:\/\/sp-ps-biel-bienne.ch\/wp-content\/uploads\/sites\/45\/2026\/03\/Chuli-600x600.png?v=1773750098\" alt=\"Juli\u00e1n Rodriguez Ugolini\" loading=\"lazy\"><\/a><\/div><div class=\"person-content\"><a href=\"https:\/\/sp-ps-biel-bienne.ch\/fr\/person\/julian-rodriguez-ugolini\/\" class=\"person-name\"><p><strong>Juli\u00e1n Rodriguez Ugolini<\/strong><\/p><\/a><p class=\"person-position\">Conseiller de ville SP<\/p><\/div><\/div><\/div><div class=\"persons-item\"><div class=\"person-container\"><div class=\"person-portrait\"><a href=\"https:\/\/sp-ps-biel-bienne.ch\/fr\/person\/herve-roquet\/\"><img decoding=\"async\" src=\"https:\/\/sp-ps-biel-bienne.ch\/wp-content\/uploads\/sites\/45\/2024\/07\/herve-roquet-600x600.png?v=1721292203\" alt=\"Herv\u00e9  Roquet\" loading=\"lazy\"><\/a><\/div><div class=\"person-content\"><a href=\"https:\/\/sp-ps-biel-bienne.ch\/fr\/person\/herve-roquet\/\" class=\"person-name\"><p><strong>Herv\u00e9  Roquet<\/strong><\/p><\/a><p class=\"person-position\">Conseiller de ville PSR<\/p><\/div><\/div><\/div><div class=\"persons-item\"><div class=\"person-container\"><div class=\"person-portrait\"><a href=\"https:\/\/sp-ps-biel-bienne.ch\/fr\/person\/siri-ryser-2\/\"><img decoding=\"async\" src=\"https:\/\/sp-ps-biel-bienne.ch\/wp-content\/uploads\/sites\/45\/2026\/03\/Siri-600x600.png?v=1773749331\" alt=\"Siri Ryser\" loading=\"lazy\"><\/a><\/div><div class=\"person-content\"><a href=\"https:\/\/sp-ps-biel-bienne.ch\/fr\/person\/siri-ryser-2\/\" class=\"person-name\"><p><strong>Siri Ryser<\/strong><\/p><\/a><p class=\"person-position\">Copr\u00e9sidente du groupe parlementaire PS<\/p><\/div><\/div><\/div><div class=\"persons-item\"><div class=\"person-container\"><div class=\"person-portrait\"><a href=\"https:\/\/sp-ps-biel-bienne.ch\/fr\/person\/nina-schlup\/\"><img decoding=\"async\" src=\"https:\/\/sp-ps-biel-bienne.ch\/wp-content\/uploads\/sites\/45\/2024\/03\/Schlup_Nina-640x640-1-600x600.jpg?v=1711456413\" alt=\"Nina Schlup\" loading=\"lazy\"><\/a><\/div><div class=\"person-content\"><a href=\"https:\/\/sp-ps-biel-bienne.ch\/fr\/person\/nina-schlup\/\" class=\"person-name\"><p><strong>Nina Schlup<\/strong><\/p><\/a><p class=\"person-position\">Conseill\u00e8re de ville JUSO<\/p><\/div><\/div><\/div><div class=\"persons-item\"><div class=\"person-container\"><div class=\"person-portrait\"><a href=\"https:\/\/sp-ps-biel-bienne.ch\/fr\/person\/moema-schultz\/\"><img decoding=\"async\" src=\"https:\/\/sp-ps-biel-bienne.ch\/wp-content\/uploads\/sites\/45\/2025\/01\/moema-schulz-600x600.png?v=1736177978\" alt=\"Moema Schultz\" loading=\"lazy\"><\/a><\/div><div class=\"person-content\"><a href=\"https:\/\/sp-ps-biel-bienne.ch\/fr\/person\/moema-schultz\/\" class=\"person-name\"><p><strong>Moema Schultz<\/strong><\/p><\/a><p class=\"person-position\">Conseill\u00e8re de ville PSR<\/p><\/div><\/div><\/div><div class=\"persons-item\"><div class=\"person-container\"><div class=\"person-portrait\"><a href=\"https:\/\/sp-ps-biel-bienne.ch\/fr\/person\/joseline-stolz-marti\/\"><img decoding=\"async\" src=\"https:\/\/sp-ps-biel-bienne.ch\/wp-content\/uploads\/sites\/45\/2026\/03\/Josy-600x600.png?v=1773774192\" alt=\"Joseline Stolz Marti\" loading=\"lazy\"><\/a><\/div><div class=\"person-content\"><a href=\"https:\/\/sp-ps-biel-bienne.ch\/fr\/person\/joseline-stolz-marti\/\" class=\"person-name\"><p><strong>Joseline Stolz Marti<\/strong><\/p><\/a><p class=\"person-position\">Co-Pr\u00e9sidente groupe parlementaire PSR<\/p><\/div><\/div><\/div><div class=\"persons-item\"><div class=\"person-container\"><div class=\"person-portrait\"><a href=\"https:\/\/sp-ps-biel-bienne.ch\/fr\/person\/leona-wassmann\/\"><img decoding=\"async\" src=\"https:\/\/sp-ps-biel-bienne.ch\/wp-content\/uploads\/sites\/45\/2024\/07\/wassmann-leona-600x600.png?v=1720683168\" alt=\"Leona Wassmann\" loading=\"lazy\"><\/a><\/div><div class=\"person-content\"><a href=\"https:\/\/sp-ps-biel-bienne.ch\/fr\/person\/leona-wassmann\/\" class=\"person-name\"><p><strong>Leona Wassmann<\/strong><\/p><\/a><p class=\"person-position\">Conseill\u00e8re de ville PS<\/p><\/div><\/div><\/div><\/div><\/div><\/div><\/div>\t\t\t\t<\/div>\n\t\t\t\t<\/div>\n\t\t\t\t\t<\/div>\n\t\t<\/div>\n\t\t\t\t\t<\/div>\n\t\t<\/section>\n\t\t\t\t<\/div>\n\t\t","protected":false},"excerpt":{"rendered":"<p>\u00c9lu-e-s Le PS biennois est repr\u00e9sent\u00e9 \u00e0 plusieurs niveaux. Au niveau national, il s&#8217;agit du Conseil national, au niveau cantonal du Grand Conseil et au niveau communal du Conseil municipal [&hellip;]<\/p>\n","protected":false},"author":5,"featured_media":0,"parent":0,"menu_order":0,"comment_status":"closed","ping_status":"closed","template":"","meta":{"footnotes":""},"class_list":["post-86949","page","type-page","status-publish","hentry"],"_links":{"self":[{"href":"https:\/\/sp-ps-biel-bienne.ch\/fr\/wp-json\/wp\/v2\/pages\/86949","targetHints":{"allow":["GET"]}}],"collection":[{"href":"https:\/\/sp-ps-biel-bienne.ch\/fr\/wp-json\/wp\/v2\/pages"}],"about":[{"href":"https:\/\/sp-ps-biel-bienne.ch\/fr\/wp-json\/wp\/v2\/types\/page"}],"author":[{"embeddable":true,"href":"https:\/\/sp-ps-biel-bienne.ch\/fr\/wp-json\/wp\/v2\/users\/5"}],"replies":[{"embeddable":true,"href":"https:\/\/sp-ps-biel-bienne.ch\/fr\/wp-json\/wp\/v2\/comments?post=86949"}],"version-history":[{"count":3,"href":"https:\/\/sp-ps-biel-bienne.ch\/fr\/wp-json\/wp\/v2\/pages\/86949\/revisions"}],"predecessor-version":[{"id":89573,"href":"https:\/\/sp-ps-biel-bienne.ch\/fr\/wp-json\/wp\/v2\/pages\/86949\/revisions\/89573"}],"wp:attachment":[{"href":"https:\/\/sp-ps-biel-bienne.ch\/fr\/wp-json\/wp\/v2\/media?parent=86949"}],"curies":[{"name":"wp","href":"https:\/\/api.w.org\/{rel}","templated":true}]}}